{"id":726,"date":"2021-09-21T17:11:50","date_gmt":"2021-09-21T15:11:50","guid":{"rendered":"https:\/\/ishtc.formanet-tn.com\/?page_id=726"},"modified":"2021-11-30T21:17:03","modified_gmt":"2021-11-30T20:17:03","slug":"reservation-des-enregistrements-audio","status":"publish","type":"page","link":"https:\/\/ishtc.formanet-tn.com\/en\/reservation-des-enregistrements-audio\/","title":{"rendered":"R\u00e9servation des enregistrements audio"},"content":{"rendered":"<div class=\"vc_row wpb_row vc_row-fluid\"><\/div><div class=\"vc_row wpb_row vc_row-fluid\"><div class=\"wpb_column vc_column_container vc_col-sm-12\"><div class=\"vc_column-inner\"><div class=\"wpb_wrapper\">\r\n\t<div class=\"wpb_text_column wpb_content_element\" >\r\n\t\t<div class=\"wpb_wrapper\">\r\n\t\t\t<div class=\"frm_forms  with_frm_style frm_style_formidable-style\" id=\"frm_form_11_container\" >\n<form enctype=\"multipart\/form-data\" method=\"post\" class=\"frm-show-form\" id=\"form_rservationdesarchovesmicrofilms593a7a4104\" action=\"\" >\n<div class=\"frm_form_fields\">\n<fieldset>\n<legend class=\"frm_screen_reader\">R\u00e9servation des enregistremens relatifs aux t\u00e9moignages oraux<\/legend>\r\n\r\n<div class=\"frm_fields_container\">\n<input type=\"hidden\" name=\"frm_action\" value=\"create\" \/>\n<input type=\"hidden\" name=\"form_id\" value=\"11\" \/>\n<input type=\"hidden\" name=\"frm_hide_fields_11\" id=\"frm_hide_fields_11\" value=\"\" \/>\n<input type=\"hidden\" name=\"form_key\" value=\"rservationdesarchovesmicrofilms593a7a4104\" \/>\n<input type=\"hidden\" name=\"item_meta[0]\" value=\"\" \/>\n<input type=\"hidden\" id=\"frm_submit_entry_11\" name=\"frm_submit_entry_11\" value=\"e237c2ae34\" \/><input type=\"hidden\" name=\"_wp_http_referer\" value=\"\/en\/wp-json\/wp\/v2\/pages\/726\" \/><div id=\"frm_field_101_container\" class=\"frm_form_field form-field  frm_required_field frm_top_container frm6 frm_first\">\r\n    <label for=\"field_ujq5wcb7f57b4e4\" id=\"field_ujq5wcb7f57b4e4_label\" class=\"frm_primary_label\">Nom\r\n        <span class=\"frm_required\" aria-hidden=\"true\">*<\/span>\r\n    <\/label>\r\n    <input type=\"text\" id=\"field_ujq5wcb7f57b4e4\" name=\"item_meta[101]\" value=\"\"  data-reqmsg=\"Ce champ ne peut \u00eatre vide.\" aria-required=\"true\" data-invmsg=\"Text is invalid\" aria-invalid=\"false\"  \/>\r\n    \r\n    \r\n<\/div>\n<div id=\"frm_field_102_container\" class=\"frm_form_field form-field  frm_required_field frm_top_container frm6\">\r\n    <label for=\"field_ols94ac2f1ccf77\" id=\"field_ols94ac2f1ccf77_label\" class=\"frm_primary_label\">Pr\u00e9nom\r\n        <span class=\"frm_required\" aria-hidden=\"true\">*<\/span>\r\n    <\/label>\r\n    <input type=\"text\" id=\"field_ols94ac2f1ccf77\" name=\"item_meta[102]\" value=\"\"  data-reqmsg=\"Ce champ ne peut \u00eatre vide.\" aria-required=\"true\" data-invmsg=\"Text is invalid\" aria-invalid=\"false\"  \/>\r\n    \r\n    \r\n<\/div>\n<div id=\"frm_field_103_container\" class=\"frm_form_field form-field  frm_required_field frm_top_container frm6 frm_first\">\r\n    <label for=\"field_czyzfa9a663d47\" id=\"field_czyzfa9a663d47_label\" class=\"frm_primary_label\">Date de naissance\r\n        <span class=\"frm_required\" aria-hidden=\"true\">*<\/span>\r\n    <\/label>\r\n    <input type=\"text\" id=\"field_czyzfa9a663d47\" name=\"item_meta[103]\" value=\"\"  maxlength=\"10\" data-reqmsg=\"Ce champ ne peut \u00eatre vide.\" aria-required=\"true\" data-invmsg=\"La date n&#039;est pas valide\" aria-invalid=\"false\"  \/>\r\n    \r\n    \r\n<\/div>\n<div id=\"frm_field_104_container\" class=\"frm_form_field form-field  frm_top_container frm6\">\r\n    <label for=\"field_i8c1q82428a76ef\" id=\"field_i8c1q82428a76ef_label\" class=\"frm_primary_label\">Lieu de naissance\r\n        <span class=\"frm_required\" aria-hidden=\"true\"><\/span>\r\n    <\/label>\r\n    <input type=\"text\" id=\"field_i8c1q82428a76ef\" name=\"item_meta[104]\" value=\"\"  data-invmsg=\"Text is invalid\" aria-invalid=\"false\"  \/>\r\n    \r\n    \r\n<\/div>\n<div id=\"frm_field_105_container\" class=\"frm_form_field form-field  frm_required_field frm_top_container\">\r\n    <label for=\"field_ldafb33bcd667c9\" id=\"field_ldafb33bcd667c9_label\" class=\"frm_primary_label\">Profession\r\n        <span class=\"frm_required\" aria-hidden=\"true\">*<\/span>\r\n    <\/label>\r\n    <input type=\"text\" id=\"field_ldafb33bcd667c9\" name=\"item_meta[105]\" value=\"\"  data-reqmsg=\"Profession cannot be blank.\" aria-required=\"true\" data-invmsg=\"Text is invalid\" aria-invalid=\"false\"  \/>\r\n    \r\n    \r\n<\/div>\n<div id=\"frm_field_106_container\" class=\"frm_form_field form-field  frm_required_field frm_top_container frm_third frm12  frm12 frm_first frm_two_col\">\r\n    <div  id=\"field_525f9239a9b011f_label\" class=\"frm_primary_label\">Pi\u00e8ce d'identit\u00e9\r\n        <span class=\"frm_required\" aria-hidden=\"true\">*<\/span>\r\n    <\/div>\r\n    <div class=\"frm_opt_container\" aria-labelledby=\"field_525f9239a9b011f_label\" role=\"radiogroup\" aria-required=\"true\">\t\t<div class=\"frm_radio\" id=\"frm_radio_106-0\">\t\t\t<label  for=\"field_525f9239a9b011f-0\">\n\t\t\t\t\t<input type=\"radio\" name=\"item_meta[106]\" id=\"field_525f9239a9b011f-0\" value=\"C.I.N\"\n\t\t   data-reqmsg=\"Pi\u00e8ce d&#039;identit\u00e9 cannot be blank.\" data-invmsg=\"Pi\u00e8ce d&#039;identit\u00e9 is invalid\"  \/> C.I.N<\/label><\/div>\n\t\t<div class=\"frm_radio\" id=\"frm_radio_106-1\">\t\t\t<label  for=\"field_525f9239a9b011f-1\">\n\t\t\t\t\t<input type=\"radio\" name=\"item_meta[106]\" id=\"field_525f9239a9b011f-1\" value=\"Passeport\"\n\t\t   data-reqmsg=\"Pi\u00e8ce d&#039;identit\u00e9 cannot be blank.\" data-invmsg=\"Pi\u00e8ce d&#039;identit\u00e9 is invalid\"  \/> Passeport<\/label><\/div>\n<\/div>\r\n    \r\n    \r\n<\/div>\n<div id=\"frm_field_107_container\" class=\"frm_form_field form-field  frm_top_container frm6 frm_first\">\r\n    <label for=\"field_qoc0o66a63ce2f2\" id=\"field_qoc0o66a63ce2f2_label\" class=\"frm_primary_label\">N\u00b0 CIN (les trois derniers chiffres)\r\n        <span class=\"frm_required\" aria-hidden=\"true\"><\/span>\r\n    <\/label>\r\n    <input type=\"text\" id=\"field_qoc0o66a63ce2f2\" name=\"item_meta[107]\" value=\"\"  data-invmsg=\"Text is invalid\" aria-invalid=\"false\" pattern=\"\\d\\d\\d$\"  \/>\r\n    \r\n    \r\n<\/div>\n<div id=\"frm_field_108_container\" class=\"frm_form_field form-field  frm_top_container frm6\">\r\n    <label for=\"field_foylc1ee4f9103e\" id=\"field_foylc1ee4f9103e_label\" class=\"frm_primary_label\">N\u00b0 Passeport\r\n        <span class=\"frm_required\" aria-hidden=\"true\"><\/span>\r\n    <\/label>\r\n    <input type=\"text\" id=\"field_foylc1ee4f9103e\" name=\"item_meta[108]\" value=\"\"  data-invmsg=\"Text is invalid\" aria-invalid=\"false\" pattern=\"\\w\\w\\w\\w\\w\\w\\w$\"  \/>\r\n    \r\n    \r\n<\/div>\n<div id=\"frm_field_109_container\" class=\"frm_form_field form-field  frm_required_field frm_top_container\">\r\n    <label for=\"field_tr2fma6d2c8706d\" id=\"field_tr2fma6d2c8706d_label\" class=\"frm_primary_label\">Adresse personnelle\r\n        <span class=\"frm_required\" aria-hidden=\"true\">*<\/span>\r\n    <\/label>\r\n    <input type=\"text\" id=\"field_tr2fma6d2c8706d\" name=\"item_meta[109]\" value=\"\"  data-reqmsg=\"Ce champ ne peut \u00eatre vide.\" aria-required=\"true\" data-invmsg=\"Text is invalid\" aria-invalid=\"false\"  \/>\r\n    \r\n    \r\n<\/div>\n<div id=\"frm_field_110_container\" class=\"frm_form_field form-field  frm_top_container\">\r\n    <label for=\"field_y1jsm547888daa0\" id=\"field_y1jsm547888daa0_label\" class=\"frm_primary_label\">Adresse professionnelle\r\n        <span class=\"frm_required\" aria-hidden=\"true\"><\/span>\r\n    <\/label>\r\n    <input type=\"text\" id=\"field_y1jsm547888daa0\" name=\"item_meta[110]\" value=\"\"  data-invmsg=\"Text is invalid\" aria-invalid=\"false\"  \/>\r\n    \r\n    \r\n<\/div>\n<div id=\"frm_field_111_container\" class=\"frm_form_field form-field  frm_required_field frm_top_container frm6 frm_first\">\r\n    <label for=\"field_f0zn60369f6bdff\" id=\"field_f0zn60369f6bdff_label\" class=\"frm_primary_label\">T\u00e9l\u00e9phone(indicatif obligatoire) exp: Tunisie: 00216\r\n        <span class=\"frm_required\" aria-hidden=\"true\">*<\/span>\r\n    <\/label>\r\n    <input type=\"tel\" id=\"field_f0zn60369f6bdff\" name=\"item_meta[111]\" value=\"\"  data-reqmsg=\"Ce champ ne peut \u00eatre vide.\" aria-required=\"true\" data-invmsg=\"Le t\u00e9l\u00e9phone n&#039;est pas valide\" aria-invalid=\"false\" pattern=\"((\\+\\d{1,3}(-|.| )?\\(?\\d\\)?(-| |.)?\\d{1,5})|(\\(?\\d{2,6}\\)?))(-|.| )?(\\d{3,4})(-|.| )?(\\d{4})(( x| ext)\\d{1,5}){0,1}$\"  \/>\r\n    \r\n    \r\n<\/div>\n<div id=\"frm_field_112_container\" class=\"frm_form_field form-field  frm_required_field frm_top_container frm6\">\r\n    <label for=\"field_54d3ea6a98d2f47\" id=\"field_54d3ea6a98d2f47_label\" class=\"frm_primary_label\">Email\r\n        <span class=\"frm_required\" aria-hidden=\"true\">*<\/span>\r\n    <\/label>\r\n    <input type=\"email\" id=\"field_54d3ea6a98d2f47\" name=\"item_meta[112]\" value=\"\"  data-reqmsg=\"Ce champ ne peut \u00eatre vide.\" aria-required=\"true\" data-invmsg=\"Email is invalid\" aria-invalid=\"false\"  \/>\r\n    \r\n    \r\n<\/div>\n<div id=\"frm_field_113_container\" class=\"frm_form_field form-field  frm_top_container\">\r\n    <label for=\"field_5t9cz2d3cec424e\" id=\"field_5t9cz2d3cec424e_label\" class=\"frm_primary_label\">Niveau scientifique\r\n        <span class=\"frm_required\" aria-hidden=\"true\"><\/span>\r\n    <\/label>\r\n    <input type=\"text\" id=\"field_5t9cz2d3cec424e\" name=\"item_meta[113]\" value=\"\"  data-invmsg=\"Text is invalid\" aria-invalid=\"false\"  \/>\r\n    \r\n    \r\n<\/div>\n<div id=\"frm_field_114_container\" class=\"frm_form_field form-field  frm_top_container\">\r\n    <label for=\"field_nwts4f4a8721ed\" id=\"field_nwts4f4a8721ed_label\" class=\"frm_primary_label\">Objectif de la recherche\r\n        <span class=\"frm_required\" aria-hidden=\"true\"><\/span>\r\n    <\/label>\r\n    <input type=\"text\" id=\"field_nwts4f4a8721ed\" name=\"item_meta[114]\" value=\"\"  data-invmsg=\"Text is invalid\" aria-invalid=\"false\"  \/>\r\n    \r\n    \r\n<\/div>\n<div id=\"frm_field_115_container\" class=\"frm_form_field form-field  frm_required_field frm_top_container\">\r\n    <label for=\"field_mgdrce765b748f\" id=\"field_mgdrce765b748f_label\" class=\"frm_primary_label\">Sujet de la recherche\r\n        <span class=\"frm_required\" aria-hidden=\"true\">*<\/span>\r\n    <\/label>\r\n    <input type=\"text\" id=\"field_mgdrce765b748f\" name=\"item_meta[115]\" value=\"\"  data-reqmsg=\"Ce champ ne peut \u00eatre vide.\" aria-required=\"true\" data-invmsg=\"Text is invalid\" aria-invalid=\"false\"  \/>\r\n    \r\n    \r\n<\/div>\n<div id=\"frm_field_155_container\" class=\"frm_form_field form-field  frm_top_container\">\r\n    <label for=\"field_jdxor\" id=\"field_jdxor_label\" class=\"frm_primary_label\">P\u00e9riode\r\n        <span class=\"frm_required\" aria-hidden=\"true\"><\/span>\r\n    <\/label>\r\n    <input type=\"text\" id=\"field_jdxor\" name=\"item_meta[155]\" value=\"\"  data-invmsg=\"Text is invalid\" aria-invalid=\"false\"  \/>\r\n    \r\n    \r\n<\/div>\n<div id=\"frm_field_116_container\" class=\"frm_form_field form-field  frm_top_container\">\r\n    <label for=\"field_32eg076b9d4a8ff\" id=\"field_32eg076b9d4a8ff_label\" class=\"frm_primary_label\">Langue de la recherche\r\n        <span class=\"frm_required\" aria-hidden=\"true\"><\/span>\r\n    <\/label>\r\n    <input type=\"text\" id=\"field_32eg076b9d4a8ff\" name=\"item_meta[116]\" value=\"\"  data-invmsg=\"Text is invalid\" aria-invalid=\"false\"  \/>\r\n    \r\n    \r\n<\/div>\n<div id=\"frm_field_117_container\" class=\"frm_form_field form-field  frm_top_container\">\r\n    <label for=\"field_7r99f1e22310604\" id=\"field_7r99f1e22310604_label\" class=\"frm_primary_label\">Encadreur\r\n        <span class=\"frm_required\" aria-hidden=\"true\"><\/span>\r\n    <\/label>\r\n    <input type=\"text\" id=\"field_7r99f1e22310604\" name=\"item_meta[117]\" value=\"\"  data-invmsg=\"Text is invalid\" aria-invalid=\"false\"  \/>\r\n    \r\n    \r\n<\/div>\n<div id=\"frm_field_118_container\" class=\"frm_form_field form-field  frm_top_container frm12 frm_first\">\r\n    <label for=\"field_w2hnk0345aacf71\" id=\"field_w2hnk0345aacf71_label\" class=\"frm_primary_label\">Etablissement\r\n        <span class=\"frm_required\" aria-hidden=\"true\"><\/span>\r\n    <\/label>\r\n    <input type=\"text\" id=\"field_w2hnk0345aacf71\" name=\"item_meta[118]\" value=\"\"  data-invmsg=\"Text is invalid\" aria-invalid=\"false\"  \/>\r\n    \r\n    \r\n<\/div>\n<div id=\"frm_field_119_container\" class=\"frm_form_field  frm_html_container form-field\"><strong>  <\/p>\n<p style=\"font-size:24px;\">  <\/strong><\/p>\n<p><strong><u> Apr\u00e8s consultation du catalogue des t\u00e9moignages, je vous prie de bien vouloir me permettre de consulter le t\u00e9moignage suivant  :<\/strong><\/u><\/p>\n<\/div>\n<div id=\"frm_field_121_container\" class=\"frm_form_field form-field  frm_top_container frm12 frm_first\">\r\n    <label for=\"field_f4i8898eb32ecc0\" id=\"field_f4i8898eb32ecc0_label\" class=\"frm_primary_label\">Cote de l'enregistrement :\r\n        <span class=\"frm_required\" aria-hidden=\"true\"><\/span>\r\n    <\/label>\r\n    <input type=\"text\" id=\"field_f4i8898eb32ecc0\" name=\"item_meta[121]\" value=\"\"  data-invmsg=\"Text is invalid\" aria-invalid=\"false\" pattern=\"\\d\\d\\d$\"  \/>\r\n    \r\n    \r\n<\/div>\n<div id=\"frm_field_122_container\" class=\"frm_form_field form-field  frm_top_container frm12 frm6 frm_first\">\r\n    <label for=\"field_lfvm00182c88a71\" id=\"field_lfvm00182c88a71_label\" class=\"frm_primary_label\">Nom de l'intervenant\r\n        <span class=\"frm_required\" aria-hidden=\"true\"><\/span>\r\n    <\/label>\r\n    <input type=\"text\" id=\"field_lfvm00182c88a71\" name=\"item_meta[122]\" value=\"\"  data-invmsg=\"Text is invalid\" aria-invalid=\"false\"  \/>\r\n    \r\n    \r\n<\/div>\n<div id=\"frm_field_126_container\" class=\"frm_form_field form-field  frm_top_container frm6 frm12\">\r\n    <label for=\"field_328vf04122e3ceb\" id=\"field_328vf04122e3ceb_label\" class=\"frm_primary_label\">Et ce pour la date du\r\n        <span class=\"frm_required\" aria-hidden=\"true\"><\/span>\r\n    <\/label>\r\n    <input type=\"text\" id=\"field_328vf04122e3ceb\" name=\"item_meta[126]\" value=\"\"  maxlength=\"10\" data-invmsg=\"Date is invalid\" aria-invalid=\"false\"  \/>\r\n    \r\n    \r\n<\/div>\n\t<input type=\"hidden\" name=\"item_key\" value=\"\" \/>\n\t\t\t<div id=\"frm_field_197_container\">\n\t\t\t<label for=\"field_vhusz\" >\n\t\t\t\tIf you are human, leave this field blank.\t\t\t<\/label>\n\t\t\t<input  id=\"field_vhusz\" type=\"text\" class=\"frm_form_field form-field frm_verify\" name=\"item_meta[197]\" value=\"\"  \/>\n\t\t<\/div>\n\t\t<input name=\"frm_state\" type=\"hidden\" value=\"wfgLsH4no9vvh5dKkXI5B3qOxcvbGIPbc53yknaD0Vg=\" \/><div class=\"frm_submit\">\r\n\r\n<button class=\"frm_button_submit\" type=\"submit\"  >Envoyer<\/button>\r\n\r\n<\/div><\/div>\n<\/fieldset>\n<\/div>\n\n<p style=\"display: none !important;\" class=\"akismet-fields-container\" data-prefix=\"ak_\"><label>&#916;<textarea name=\"ak_hp_textarea\" cols=\"45\" rows=\"8\" maxlength=\"100\"><\/textarea><\/label><input type=\"hidden\" id=\"ak_js_2\" name=\"ak_js\" value=\"95\"\/><script>document.getElementById( \"ak_js_2\" ).setAttribute( \"value\", ( new Date() ).getTime() );<\/script><\/p><input type=\"hidden\" name=\"trp-form-language\" value=\"en\"\/><\/form>\n<\/div>\n\n\r\n\t\t<\/div>\r\n\t<\/div>\r\n<\/div><\/div><\/div><\/div><div class=\"vc_row wpb_row vc_row-fluid\"><\/div>","protected":false},"excerpt":{"rendered":"R\u00e9servation des enregistremens relatifs aux t\u00e9moignages oraux Nom * Pr\u00e9nom * Date de naissance * Lieu de naissance Profession * Pi\u00e8ce d'identit\u00e9 * C.I.N Passeport N\u00b0 CIN (les trois derniers chiffres) N\u00b0 Passeport Adresse personnelle * Adresse professionnelle T\u00e9l\u00e9phone(indicatif obligatoire) exp: Tunisie: 00216 * Email * Niveau scientifique Objectif de la recherche Sujet de la","protected":false},"author":1,"featured_media":0,"parent":0,"menu_order":0,"comment_status":"closed","ping_status":"open","template":"","meta":{"footnotes":""},"class_list":["post-726","page","type-page","status-publish","hentry"],"_links":{"self":[{"href":"https:\/\/ishtc.formanet-tn.com\/en\/wp-json\/wp\/v2\/pages\/726","targetHints":{"allow":["GET"]}}],"collection":[{"href":"https:\/\/ishtc.formanet-tn.com\/en\/wp-json\/wp\/v2\/pages"}],"about":[{"href":"https:\/\/ishtc.formanet-tn.com\/en\/wp-json\/wp\/v2\/types\/page"}],"author":[{"embeddable":true,"href":"https:\/\/ishtc.formanet-tn.com\/en\/wp-json\/wp\/v2\/users\/1"}],"replies":[{"embeddable":true,"href":"https:\/\/ishtc.formanet-tn.com\/en\/wp-json\/wp\/v2\/comments?post=726"}],"version-history":[{"count":5,"href":"https:\/\/ishtc.formanet-tn.com\/en\/wp-json\/wp\/v2\/pages\/726\/revisions"}],"predecessor-version":[{"id":1799,"href":"https:\/\/ishtc.formanet-tn.com\/en\/wp-json\/wp\/v2\/pages\/726\/revisions\/1799"}],"wp:attachment":[{"href":"https:\/\/ishtc.formanet-tn.com\/en\/wp-json\/wp\/v2\/media?parent=726"}],"curies":[{"name":"wp","href":"https:\/\/api.w.org\/{rel}","templated":true}]}}