{"id":724,"date":"2021-09-21T17:10:56","date_gmt":"2021-09-21T15:10:56","guid":{"rendered":"https:\/\/ishtc.formanet-tn.com\/?page_id=724"},"modified":"2021-11-30T20:56:10","modified_gmt":"2021-11-30T19:56:10","slug":"reservation-des-archives-microfilmes","status":"publish","type":"page","link":"https:\/\/ishtc.formanet-tn.com\/en\/reservation-des-archives-microfilmes\/","title":{"rendered":"R\u00e9servation des archives microfilm\u00e9es"},"content":{"rendered":"<div class=\"vc_row wpb_row vc_row-fluid\"><\/div><div class=\"vc_row wpb_row vc_row-fluid\"><div class=\"wpb_column vc_column_container vc_col-sm-12\"><div class=\"vc_column-inner\"><div class=\"wpb_wrapper\">\r\n\t<div class=\"wpb_text_column wpb_content_element\" >\r\n\t\t<div class=\"wpb_wrapper\">\r\n\t\t\t<div class=\"frm_forms  with_frm_style frm_style_formidable-style\" id=\"frm_form_10_container\" >\n<form enctype=\"multipart\/form-data\" method=\"post\" class=\"frm-show-form\" id=\"form_rservationdesarchovesmicrofilmse99495f33b\" action=\"\" >\n<div class=\"frm_form_fields\">\n<fieldset>\n<legend class=\"frm_screen_reader\">R\u00e9servation des archives microfilm\u00e9s<\/legend>\r\n\r\n<div class=\"frm_fields_container\">\n<input type=\"hidden\" name=\"frm_action\" value=\"create\" \/>\n<input type=\"hidden\" name=\"form_id\" value=\"10\" \/>\n<input type=\"hidden\" name=\"frm_hide_fields_10\" id=\"frm_hide_fields_10\" value=\"\" \/>\n<input type=\"hidden\" name=\"form_key\" value=\"rservationdesarchovesmicrofilmse99495f33b\" \/>\n<input type=\"hidden\" name=\"item_meta[0]\" value=\"\" \/>\n<input type=\"hidden\" id=\"frm_submit_entry_10\" name=\"frm_submit_entry_10\" value=\"e237c2ae34\" \/><input type=\"hidden\" name=\"_wp_http_referer\" value=\"\/en\/wp-json\/wp\/v2\/pages\/724\" \/><div id=\"frm_field_75_container\" class=\"frm_form_field form-field  frm_required_field frm_top_container frm6 frm_first\">\r\n    <label for=\"field_ujq5w88a8297706\" id=\"field_ujq5w88a8297706_label\" class=\"frm_primary_label\">Nom\r\n        <span class=\"frm_required\" aria-hidden=\"true\">*<\/span>\r\n    <\/label>\r\n    <input type=\"text\" id=\"field_ujq5w88a8297706\" name=\"item_meta[75]\" value=\"\"  data-reqmsg=\"Ce champ ne peut \u00eatre vide.\" aria-required=\"true\" data-invmsg=\"Text is invalid\" aria-invalid=\"false\"  \/>\r\n    \r\n    \r\n<\/div>\n<div id=\"frm_field_76_container\" class=\"frm_form_field form-field  frm_required_field frm_top_container frm6\">\r\n    <label for=\"field_ols9488bbb24b21\" id=\"field_ols9488bbb24b21_label\" class=\"frm_primary_label\">Pr\u00e9nom\r\n        <span class=\"frm_required\" aria-hidden=\"true\">*<\/span>\r\n    <\/label>\r\n    <input type=\"text\" id=\"field_ols9488bbb24b21\" name=\"item_meta[76]\" value=\"\"  data-reqmsg=\"Ce champ ne peut \u00eatre vide.\" aria-required=\"true\" data-invmsg=\"Text is invalid\" aria-invalid=\"false\"  \/>\r\n    \r\n    \r\n<\/div>\n<div id=\"frm_field_77_container\" class=\"frm_form_field form-field  frm_required_field frm_top_container frm6 frm_first\">\r\n    <label for=\"field_czyz\" id=\"field_czyz_label\" class=\"frm_primary_label\">Date de naissance\r\n        <span class=\"frm_required\" aria-hidden=\"true\">*<\/span>\r\n    <\/label>\r\n    <input type=\"text\" id=\"field_czyz\" name=\"item_meta[77]\" value=\"\"  maxlength=\"10\" data-reqmsg=\"Date de naissance cannot be blank.\" aria-required=\"true\" data-invmsg=\"Date is invalid\" aria-invalid=\"false\"  \/>\r\n    \r\n    \r\n<\/div>\n<div id=\"frm_field_78_container\" class=\"frm_form_field form-field  frm_top_container frm6\">\r\n    <label for=\"field_i8c1qa8e4ca7fa1\" id=\"field_i8c1qa8e4ca7fa1_label\" class=\"frm_primary_label\">Lieu de naissance\r\n        <span class=\"frm_required\" aria-hidden=\"true\"><\/span>\r\n    <\/label>\r\n    <input type=\"text\" id=\"field_i8c1qa8e4ca7fa1\" name=\"item_meta[78]\" value=\"\"  data-invmsg=\"Text is invalid\" aria-invalid=\"false\"  \/>\r\n    \r\n    \r\n<\/div>\n<div id=\"frm_field_79_container\" class=\"frm_form_field form-field  frm_required_field frm_top_container\">\r\n    <label for=\"field_ldafbebed86dd9c\" id=\"field_ldafbebed86dd9c_label\" class=\"frm_primary_label\">Profession\r\n        <span class=\"frm_required\" aria-hidden=\"true\">*<\/span>\r\n    <\/label>\r\n    <input type=\"text\" id=\"field_ldafbebed86dd9c\" name=\"item_meta[79]\" value=\"\"  data-reqmsg=\"Ce champ ne peut \u00eatre vide.\" aria-required=\"true\" data-invmsg=\"Text is invalid\" aria-invalid=\"false\"  \/>\r\n    \r\n    \r\n<\/div>\n<div id=\"frm_field_80_container\" class=\"frm_form_field form-field  frm_required_field frm_top_container frm_third frm12  frm12 frm_first frm_two_col\">\r\n    <div  id=\"field_525f934e5a53a11_label\" class=\"frm_primary_label\">Pi\u00e8ce d'identit\u00e9\r\n        <span class=\"frm_required\" aria-hidden=\"true\">*<\/span>\r\n    <\/div>\r\n    <div class=\"frm_opt_container\" aria-labelledby=\"field_525f934e5a53a11_label\" role=\"radiogroup\" aria-required=\"true\">\t\t<div class=\"frm_radio\" id=\"frm_radio_80-0\">\t\t\t<label  for=\"field_525f934e5a53a11-0\">\n\t\t\t\t\t<input type=\"radio\" name=\"item_meta[80]\" id=\"field_525f934e5a53a11-0\" value=\"C.I.N\"\n\t\t   data-reqmsg=\"Pi\u00e8ce d&#039;identit\u00e9 cannot be blank.\" data-invmsg=\"Pi\u00e8ce d&#039;identit\u00e9 is invalid\"  \/> C.I.N<\/label><\/div>\n\t\t<div class=\"frm_radio\" id=\"frm_radio_80-1\">\t\t\t<label  for=\"field_525f934e5a53a11-1\">\n\t\t\t\t\t<input type=\"radio\" name=\"item_meta[80]\" id=\"field_525f934e5a53a11-1\" value=\"Passeport\"\n\t\t   data-reqmsg=\"Pi\u00e8ce d&#039;identit\u00e9 cannot be blank.\" data-invmsg=\"Pi\u00e8ce d&#039;identit\u00e9 is invalid\"  \/> Passeport<\/label><\/div>\n<\/div>\r\n    \r\n    \r\n<\/div>\n<div id=\"frm_field_81_container\" class=\"frm_form_field form-field  frm_top_container frm6 frm_first\">\r\n    <label for=\"field_qoc0oed2bb49404\" id=\"field_qoc0oed2bb49404_label\" class=\"frm_primary_label\">N\u00b0 CIN (les trois derniers chiffres)\r\n        <span class=\"frm_required\" aria-hidden=\"true\"><\/span>\r\n    <\/label>\r\n    <input type=\"text\" id=\"field_qoc0oed2bb49404\" name=\"item_meta[81]\" value=\"\"  data-invmsg=\"Text is invalid\" aria-invalid=\"false\" pattern=\"\\d\\d\\d$\"  \/>\r\n    \r\n    \r\n<\/div>\n<div id=\"frm_field_82_container\" class=\"frm_form_field form-field  frm_top_container frm6\">\r\n    <label for=\"field_foylcf8a16eb5cf\" id=\"field_foylcf8a16eb5cf_label\" class=\"frm_primary_label\">N\u00b0 Passeport\r\n        <span class=\"frm_required\" aria-hidden=\"true\"><\/span>\r\n    <\/label>\r\n    <input type=\"text\" id=\"field_foylcf8a16eb5cf\" name=\"item_meta[82]\" value=\"\"  data-invmsg=\"Text is invalid\" aria-invalid=\"false\" pattern=\"\\w\\w\\w\\w\\w\\w\\w$\"  \/>\r\n    \r\n    \r\n<\/div>\n<div id=\"frm_field_83_container\" class=\"frm_form_field form-field  frm_required_field frm_top_container\">\r\n    <label for=\"field_tr2fm16f4e53e63\" id=\"field_tr2fm16f4e53e63_label\" class=\"frm_primary_label\">Adresse personnelle\r\n        <span class=\"frm_required\" aria-hidden=\"true\">*<\/span>\r\n    <\/label>\r\n    <input type=\"text\" id=\"field_tr2fm16f4e53e63\" name=\"item_meta[83]\" value=\"\"  data-reqmsg=\"Ce champ ne peut \u00eatre vide.\" aria-required=\"true\" data-invmsg=\"Text is invalid\" aria-invalid=\"false\"  \/>\r\n    \r\n    \r\n<\/div>\n<div id=\"frm_field_84_container\" class=\"frm_form_field form-field  frm_top_container\">\r\n    <label for=\"field_y1jsm59d6d88497\" id=\"field_y1jsm59d6d88497_label\" class=\"frm_primary_label\">Adresse professionnelle\r\n        <span class=\"frm_required\" aria-hidden=\"true\"><\/span>\r\n    <\/label>\r\n    <input type=\"text\" id=\"field_y1jsm59d6d88497\" name=\"item_meta[84]\" value=\"\"  data-invmsg=\"Text is invalid\" aria-invalid=\"false\"  \/>\r\n    \r\n    \r\n<\/div>\n<div id=\"frm_field_85_container\" class=\"frm_form_field form-field  frm_required_field frm_top_container frm6 frm_first\">\r\n    <label for=\"field_f0zn6786b6c0364\" id=\"field_f0zn6786b6c0364_label\" class=\"frm_primary_label\">T\u00e9l\u00e9phone (indicatif obligatoire) exp: Tunisie: 00216\r\n        <span class=\"frm_required\" aria-hidden=\"true\">*<\/span>\r\n    <\/label>\r\n    <input type=\"tel\" id=\"field_f0zn6786b6c0364\" name=\"item_meta[85]\" value=\"\"  data-reqmsg=\"Ce champ ne peut \u00eatre vide.\" aria-required=\"true\" data-invmsg=\"Phone is invalid\" aria-invalid=\"false\" pattern=\"((\\+\\d{1,3}(-|.| )?\\(?\\d\\)?(-| |.)?\\d{1,5})|(\\(?\\d{2,6}\\)?))(-|.| )?(\\d{3,4})(-|.| )?(\\d{4})(( x| ext)\\d{1,5}){0,1}$\"  \/>\r\n    \r\n    \r\n<\/div>\n<div id=\"frm_field_86_container\" class=\"frm_form_field form-field  frm_required_field frm_top_container frm6\">\r\n    <label for=\"field_54d3e29dd02171b\" id=\"field_54d3e29dd02171b_label\" class=\"frm_primary_label\">Email\r\n        <span class=\"frm_required\" aria-hidden=\"true\">*<\/span>\r\n    <\/label>\r\n    <input type=\"email\" id=\"field_54d3e29dd02171b\" name=\"item_meta[86]\" value=\"\"  data-reqmsg=\"Ce champ ne peut \u00eatre vide.\" aria-required=\"true\" data-invmsg=\"Email is invalid\" aria-invalid=\"false\"  \/>\r\n    \r\n    \r\n<\/div>\n<div id=\"frm_field_87_container\" class=\"frm_form_field form-field  frm_top_container\">\r\n    <label for=\"field_5t9cza43bb599c9\" id=\"field_5t9cza43bb599c9_label\" class=\"frm_primary_label\">Niveau scientifique\r\n        <span class=\"frm_required\" aria-hidden=\"true\"><\/span>\r\n    <\/label>\r\n    <input type=\"text\" id=\"field_5t9cza43bb599c9\" name=\"item_meta[87]\" value=\"\"  data-invmsg=\"Text is invalid\" aria-invalid=\"false\"  \/>\r\n    \r\n    \r\n<\/div>\n<div id=\"frm_field_88_container\" class=\"frm_form_field form-field  frm_top_container\">\r\n    <label for=\"field_nwts844f0a512f\" id=\"field_nwts844f0a512f_label\" class=\"frm_primary_label\">Objectif de la recherche\r\n        <span class=\"frm_required\" aria-hidden=\"true\"><\/span>\r\n    <\/label>\r\n    <input type=\"text\" id=\"field_nwts844f0a512f\" name=\"item_meta[88]\" value=\"\"  data-invmsg=\"Text is invalid\" aria-invalid=\"false\"  \/>\r\n    \r\n    \r\n<\/div>\n<div id=\"frm_field_89_container\" class=\"frm_form_field form-field  frm_required_field frm_top_container\">\r\n    <label for=\"field_mgdr\" id=\"field_mgdr_label\" class=\"frm_primary_label\">Sujet de la recherche\r\n        <span class=\"frm_required\" aria-hidden=\"true\">*<\/span>\r\n    <\/label>\r\n    <input type=\"text\" id=\"field_mgdr\" name=\"item_meta[89]\" value=\"\"  data-reqmsg=\"Ce champ ne peut \u00eatre vide.\" aria-required=\"true\" data-invmsg=\"Text is invalid\" aria-invalid=\"false\"  \/>\r\n    \r\n    \r\n<\/div>\n<div id=\"frm_field_154_container\" class=\"frm_form_field form-field  frm_top_container\">\r\n    <label for=\"field_ud9v6\" id=\"field_ud9v6_label\" class=\"frm_primary_label\">P\u00e9riode\r\n        <span class=\"frm_required\" aria-hidden=\"true\"><\/span>\r\n    <\/label>\r\n    <input type=\"text\" id=\"field_ud9v6\" name=\"item_meta[154]\" value=\"\"  data-invmsg=\"Text is invalid\" aria-invalid=\"false\"  \/>\r\n    \r\n    \r\n<\/div>\n<div id=\"frm_field_90_container\" class=\"frm_form_field form-field  frm_top_container\">\r\n    <label for=\"field_32eg0bdfb394587\" id=\"field_32eg0bdfb394587_label\" class=\"frm_primary_label\">Langue de la recherche\r\n        <span class=\"frm_required\" aria-hidden=\"true\"><\/span>\r\n    <\/label>\r\n    <input type=\"text\" id=\"field_32eg0bdfb394587\" name=\"item_meta[90]\" value=\"\"  data-invmsg=\"Text is invalid\" aria-invalid=\"false\"  \/>\r\n    \r\n    \r\n<\/div>\n<div id=\"frm_field_91_container\" class=\"frm_form_field form-field  frm_top_container\">\r\n    <label for=\"field_7r99f436fd8db01\" id=\"field_7r99f436fd8db01_label\" class=\"frm_primary_label\">Encadreur\r\n        <span class=\"frm_required\" aria-hidden=\"true\"><\/span>\r\n    <\/label>\r\n    <input type=\"text\" id=\"field_7r99f436fd8db01\" name=\"item_meta[91]\" value=\"\"  data-invmsg=\"Text is invalid\" aria-invalid=\"false\"  \/>\r\n    \r\n    \r\n<\/div>\n<div id=\"frm_field_92_container\" class=\"frm_form_field form-field  frm_top_container frm12 frm_first\">\r\n    <label for=\"field_w2hnk092507ed38\" id=\"field_w2hnk092507ed38_label\" class=\"frm_primary_label\">Etablissement\r\n        <span class=\"frm_required\" aria-hidden=\"true\"><\/span>\r\n    <\/label>\r\n    <input type=\"text\" id=\"field_w2hnk092507ed38\" name=\"item_meta[92]\" value=\"\"  data-invmsg=\"Text is invalid\" aria-invalid=\"false\"  \/>\r\n    \r\n    \r\n<\/div>\n<div id=\"frm_field_93_container\" class=\"frm_form_field  frm_html_container form-field\"><strong>  <\/p>\n<p style=\"font-size:24px;\">  <\/strong><\/p>\n<p><strong><u> Apr\u00e8s consultation de la base des archives, je vous prie de proc\u00e9der \u00e0 r\u00e9server pour mon compte, ce qui suit, en vue de :<\/strong><\/u><\/p>\n<\/div>\n<div id=\"frm_field_94_container\" class=\"frm_form_field form-field  frm_required_field frm_top_container frm_fourth vertical_radio\">\r\n    <div  id=\"field_lmjreb75ebca9b6_label\" class=\"frm_primary_label\">Consultation\r\n        <span class=\"frm_required\" aria-hidden=\"true\">*<\/span>\r\n    <\/div>\r\n    <div class=\"frm_opt_container\" aria-labelledby=\"field_lmjreb75ebca9b6_label\" role=\"radiogroup\" aria-required=\"true\">\t\t<div class=\"frm_radio\" id=\"frm_radio_94-0\">\t\t\t<label  for=\"field_lmjreb75ebca9b6-0\">\n\t\t\t\t\t<input type=\"radio\" name=\"item_meta[94]\" id=\"field_lmjreb75ebca9b6-0\" value=\"Consultation uniquement\"\n\t\t   data-reqmsg=\"Consultation cannot be blank.\" data-invmsg=\"Consultation is invalid\"  \/> Consultation uniquement<\/label><\/div>\n\t\t<div class=\"frm_radio\" id=\"frm_radio_94-1\">\t\t\t<label  for=\"field_lmjreb75ebca9b6-1\">\n\t\t\t\t\t<input type=\"radio\" name=\"item_meta[94]\" id=\"field_lmjreb75ebca9b6-1\" value=\"Consultation suivie de reprographie\"\n\t\t   data-reqmsg=\"Consultation cannot be blank.\" data-invmsg=\"Consultation is invalid\"  \/> Consultation suivie de reprographie<\/label><\/div>\n<\/div>\r\n    \r\n    \r\n<\/div>\n<div id=\"frm_field_95_container\" class=\"frm_form_field form-field  frm_top_container frm_two_thirds\">\r\n    <label for=\"field_f4i88b6b6e82c8d\" id=\"field_f4i88b6b6e82c8d_label\" class=\"frm_primary_label\">Objet consultation\r\n        <span class=\"frm_required\" aria-hidden=\"true\"><\/span>\r\n    <\/label>\r\n    <input type=\"text\" id=\"field_f4i88b6b6e82c8d\" name=\"item_meta[95]\" value=\"\"  data-invmsg=\"Text is invalid\" aria-invalid=\"false\"  \/>\r\n    \r\n    \r\n<\/div>\n<div id=\"frm_field_96_container\" class=\"frm_form_field form-field  frm_top_container frm6 frm6 frm_first\">\r\n    <label for=\"field_lfvm0465a825608\" id=\"field_lfvm0465a825608_label\" class=\"frm_primary_label\">Bobine\r\n        <span class=\"frm_required\" aria-hidden=\"true\"><\/span>\r\n    <\/label>\r\n    <input type=\"text\" id=\"field_lfvm0465a825608\" name=\"item_meta[96]\" value=\"\"  data-invmsg=\"Text is invalid\" aria-invalid=\"false\"  \/>\r\n    \r\n    \r\n<\/div>\n<div id=\"frm_field_97_container\" class=\"frm_form_field form-field  frm_top_container frm6\">\r\n    <label for=\"field_3q4k92a42d5c8fa\" id=\"field_3q4k92a42d5c8fa_label\" class=\"frm_primary_label\">Carton\r\n        <span class=\"frm_required\" aria-hidden=\"true\"><\/span>\r\n    <\/label>\r\n    <input type=\"text\" id=\"field_3q4k92a42d5c8fa\" name=\"item_meta[97]\" value=\"\"  data-invmsg=\"Text is invalid\" aria-invalid=\"false\"  \/>\r\n    \r\n    \r\n<\/div>\n<div id=\"frm_field_98_container\" class=\"frm_form_field form-field  frm_top_container frm6 frm_first\">\r\n    <label for=\"field_dm4j561d6a97ca5\" id=\"field_dm4j561d6a97ca5_label\" class=\"frm_primary_label\">Dossier\r\n        <span class=\"frm_required\" aria-hidden=\"true\"><\/span>\r\n    <\/label>\r\n    <input type=\"text\" id=\"field_dm4j561d6a97ca5\" name=\"item_meta[98]\" value=\"\"  data-invmsg=\"Text is invalid\" aria-invalid=\"false\"  \/>\r\n    \r\n    \r\n<\/div>\n<div id=\"frm_field_99_container\" class=\"frm_form_field form-field  frm_top_container frm6\">\r\n    <label for=\"field_w1gsx6bd022fb8e\" id=\"field_w1gsx6bd022fb8e_label\" class=\"frm_primary_label\">P\u00e9riode\r\n        <span class=\"frm_required\" aria-hidden=\"true\"><\/span>\r\n    <\/label>\r\n    <input type=\"text\" id=\"field_w1gsx6bd022fb8e\" name=\"item_meta[99]\" value=\"\"  data-invmsg=\"Text is invalid\" aria-invalid=\"false\"  \/>\r\n    \r\n    \r\n<\/div>\n<div id=\"frm_field_100_container\" class=\"frm_form_field form-field  frm_top_container frm12 frm_first\">\r\n    <label for=\"field_328vf812936121d\" id=\"field_328vf812936121d_label\" class=\"frm_primary_label\">Pour la date du\r\n        <span class=\"frm_required\" aria-hidden=\"true\"><\/span>\r\n    <\/label>\r\n    <input type=\"text\" id=\"field_328vf812936121d\" name=\"item_meta[100]\" value=\"\"  maxlength=\"10\" data-invmsg=\"Date is invalid\" aria-invalid=\"false\"  \/>\r\n    \r\n    \r\n<\/div>\n<div id=\"frm_field_183_container\" class=\"frm_form_field form-field  frm_top_container\">\r\n    <label for=\"field_4lcnr\" id=\"field_4lcnr_label\" class=\"frm_primary_label\">Email\r\n        <span class=\"frm_required\" aria-hidden=\"true\"><\/span>\r\n    <\/label>\r\n    <input type=\"email\" id=\"field_4lcnr\" name=\"item_meta[183]\" value=\"\"  data-invmsg=\"Email is invalid\" aria-invalid=\"false\"  \/>\r\n    \r\n    \r\n<\/div>\n<div id=\"frm_field_184_container\" class=\"frm_form_field form-field  frm_top_container\">\r\n    <label for=\"field_be98a\" id=\"field_be98a_label\" class=\"frm_primary_label\">Phone\r\n        <span class=\"frm_required\" aria-hidden=\"true\"><\/span>\r\n    <\/label>\r\n    <input type=\"tel\" id=\"field_be98a\" name=\"item_meta[184]\" value=\"\"  data-invmsg=\"Phone is invalid\" aria-invalid=\"false\" pattern=\"((\\+\\d{1,3}(-|.| )?\\(?\\d\\)?(-| |.)?\\d{1,5})|(\\(?\\d{2,6}\\)?))(-|.| )?(\\d{3,4})(-|.| )?(\\d{4})(( x| ext)\\d{1,5}){0,1}$\"  \/>\r\n    \r\n    \r\n<\/div>\n<div id=\"frm_field_195_container\" class=\"frm_form_field form-field\">\n\t<div class=\"frm_submit\">\r\n\r\n<button class=\"frm_button_submit\" type=\"submit\"  >Envoyer<\/button>\r\n\r\n<\/div>\n<\/div>\n\t<input type=\"hidden\" name=\"item_key\" value=\"\" \/>\n\t\t\t<div id=\"frm_field_197_container\">\n\t\t\t<label for=\"field_xculu\" >\n\t\t\t\tIf you are human, leave this field blank.\t\t\t<\/label>\n\t\t\t<input  id=\"field_xculu\" type=\"text\" class=\"frm_form_field form-field frm_verify\" name=\"item_meta[197]\" value=\"\"  \/>\n\t\t<\/div>\n\t\t<input name=\"frm_state\" type=\"hidden\" value=\"wfgLsH4no9vvh5dKkXI5B3qOxcvbGIPbc53yknaD0Vg=\" \/><\/div>\n<\/fieldset>\n<\/div>\n\n<p style=\"display: none !important;\" class=\"akismet-fields-container\" data-prefix=\"ak_\"><label>&#916;<textarea name=\"ak_hp_textarea\" cols=\"45\" rows=\"8\" maxlength=\"100\"><\/textarea><\/label><input type=\"hidden\" id=\"ak_js_2\" name=\"ak_js\" value=\"173\"\/><script>document.getElementById( \"ak_js_2\" ).setAttribute( \"value\", ( new Date() ).getTime() );<\/script><\/p><input type=\"hidden\" name=\"trp-form-language\" value=\"en\"\/><\/form>\n<\/div>\n\n\r\n\t\t<\/div>\r\n\t<\/div>\r\n<\/div><\/div><\/div><\/div><div class=\"vc_row wpb_row vc_row-fluid\"><\/div>","protected":false},"excerpt":{"rendered":"R\u00e9servation des archives microfilm\u00e9s Nom * Pr\u00e9nom * Date de naissance * Lieu de naissance Profession * Pi\u00e8ce d'identit\u00e9 * C.I.N Passeport N\u00b0 CIN (les trois derniers chiffres) N\u00b0 Passeport Adresse personnelle * Adresse professionnelle T\u00e9l\u00e9phone (indicatif obligatoire) exp: Tunisie: 00216 * Email * Niveau scientifique Objectif de la recherche Sujet de la recherche *","protected":false},"author":1,"featured_media":0,"parent":0,"menu_order":0,"comment_status":"closed","ping_status":"open","template":"","meta":{"footnotes":""},"class_list":["post-724","page","type-page","status-publish","hentry"],"_links":{"self":[{"href":"https:\/\/ishtc.formanet-tn.com\/en\/wp-json\/wp\/v2\/pages\/724","targetHints":{"allow":["GET"]}}],"collection":[{"href":"https:\/\/ishtc.formanet-tn.com\/en\/wp-json\/wp\/v2\/pages"}],"about":[{"href":"https:\/\/ishtc.formanet-tn.com\/en\/wp-json\/wp\/v2\/types\/page"}],"author":[{"embeddable":true,"href":"https:\/\/ishtc.formanet-tn.com\/en\/wp-json\/wp\/v2\/users\/1"}],"replies":[{"embeddable":true,"href":"https:\/\/ishtc.formanet-tn.com\/en\/wp-json\/wp\/v2\/comments?post=724"}],"version-history":[{"count":6,"href":"https:\/\/ishtc.formanet-tn.com\/en\/wp-json\/wp\/v2\/pages\/724\/revisions"}],"predecessor-version":[{"id":1796,"href":"https:\/\/ishtc.formanet-tn.com\/en\/wp-json\/wp\/v2\/pages\/724\/revisions\/1796"}],"wp:attachment":[{"href":"https:\/\/ishtc.formanet-tn.com\/en\/wp-json\/wp\/v2\/media?parent=724"}],"curies":[{"name":"wp","href":"https:\/\/api.w.org\/{rel}","templated":true}]}}