{"id":613,"date":"2021-09-09T13:43:19","date_gmt":"2021-09-09T11:43:19","guid":{"rendered":"https:\/\/ishtc.formanet-tn.com\/?page_id=613"},"modified":"2025-04-24T09:32:32","modified_gmt":"2025-04-24T08:32:32","slug":"reglement-interieur","status":"publish","type":"page","link":"https:\/\/ishtc.formanet-tn.com\/en\/reglement-interieur\/","title":{"rendered":"R\u00e8glement int\u00e9rieur"},"content":{"rendered":"<div class=\"vc_row wpb_row vc_row-fluid\"><div class=\"wpb_column vc_column_container vc_col-sm-12\"><div class=\"vc_column-inner\"><div class=\"wpb_wrapper\"><div class=\"vc_tta-container\" data-vc-action=\"collapse\"><div class=\"vc_general vc_tta vc_tta-tabs vc_tta-color-orange vc_tta-style-classic vc_tta-shape-rounded vc_tta-spacing-1 vc_tta-tabs-position-top vc_tta-controls-align-left\"><div class=\"vc_tta-tabs-container\"><ul class=\"vc_tta-tabs-list\"><li class=\"vc_tta-tab vc_active\" data-vc-tab><a href=\"#1636561102163-d23d253f-4a14\" data-vc-tabs data-vc-container=\".vc_tta\"><span class=\"vc_tta-title-text\">Le r\u00e8glement interne de la salle de lecture<\/span><\/a><\/li><li class=\"vc_tta-tab\" data-vc-tab><a href=\"#1636561102196-e3ac5734-cc9a\" data-vc-tabs data-vc-container=\".vc_tta\"><span class=\"vc_tta-title-text\">TARIFICATION DES SERVICES DE PHOTOCOPIE ET DE REPROGRAPHIE<\/span><\/a><\/li><\/ul><\/div><div class=\"vc_tta-panels-container\"><div class=\"vc_tta-panels\"><div class=\"vc_tta-panel vc_active\" id=\"1636561102163-d23d253f-4a14\" data-vc-content=\".vc_tta-panel-body\"><div class=\"vc_tta-panel-heading\"><h4 class=\"vc_tta-panel-title\"><a href=\"#1636561102163-d23d253f-4a14\" data-vc-accordion data-vc-container=\".vc_tta-container\"><span class=\"vc_tta-title-text\">Le r\u00e8glement interne de la salle de lecture<\/span><\/a><\/h4><\/div><div class=\"vc_tta-panel-body\">\r\n\t<div class=\"wpb_text_column wpb_content_element\" >\r\n\t\t<div class=\"wpb_wrapper\">\r\n\t\t\t<p><strong>\u00a0<\/strong><strong>Horaires<\/strong><\/p>\n<p>Ouverture de la Salle de lecture\u00a0:<\/p>\n<p>De Lundi \u00e0 Vendredi\u00a0: de<strong> 8h30<\/strong> \u00e0 <strong>16h00<\/strong> sans interruption<\/p>\n<p>Le Samedi\u00a0: de<strong> 8h30<\/strong> \u00e0 <strong>12h30<\/strong><\/p>\n<p>Fermeture annuelle de la salle de lecture au mois d&rsquo;Ao\u00fbt<\/p>\n<p><strong>\u00a0<\/strong><strong>Pi\u00e8ces \u00e0 fournir<\/strong><\/p>\n<ul>\n<li>Une carte d\u2019\u00e9tudiant pour l\u2019ann\u00e9e universitaire en cours<\/li>\n<li>Une copie de la carte d\u2019identit\u00e9 nationale<\/li>\n<li>une copie du passeport pour les \u00e9tudiants et enseignants chercheurs\u00a0 \u00e9trangers<\/li>\n<li>Une fiche de lecteur (avec photo) doit \u00eatre remplie<\/li>\n<li>Une demande de consultation \u00e0 remplir sur place<\/li>\n<li>Une autorisation du Directeur de la recherche (ou de l\u2019Universit\u00e9 d\u2019origine) pour les \u00e9tudiants et chercheurs \u00e9trangers pr\u00e9cisant l\u2019intitul\u00e9 de la recherche et son but<\/li>\n<\/ul>\n<p><strong>Dispositions g\u00e9n\u00e9rales<\/strong><\/p>\n<p>&#8211; Le lecteur est tenu \u00e0 respecter le calme et de ne pas d\u00e9ranger la salle de lecture\u00a0;<\/p>\n<p>&#8211;\u00a0 Il est interdit d&rsquo;apporter toutes sortes de nourriture et de boissons \u00e0 l&rsquo;int\u00e9rieur de la salle de lecture ;<\/p>\n<p>&#8211; Il est strictement interdit d&rsquo;entrer dans les d\u00e9p\u00f4ts de livres\u00a0 et\u00a0 dans la salle\u00a0 abritant des bobines et cassettes pour les non-biblioth\u00e9caires ;<\/p>\n<p>&#8211; Il est absolument interdit d\u2019utiliser les appareils photos et les t\u00e9l\u00e9phones portables \u00e0 l\u2019int\u00e9rieur de la salle de lecture;<\/p>\n<p>-Le lecteur est responsable de l\u2019\u00e9tat des bobines, des ouvrages, des p\u00e9riodiques et des cassettes pendant la consultation<br \/>-La manipulation du mat\u00e9riel de visionnement et d\u2019\u00e9coute doit se faire par un agent de l&rsquo;Institut<br \/><strong>Services de Photocopie et Reprographie<\/strong><\/p>\n<p><strong>\u00a0<\/strong><\/p>\n<ul>\n<li><strong>Photocopie\u00a0: <\/strong>Les usagers de la biblioth\u00e8que ont la possibilit\u00e9 de photocopier les ouvrages autoris\u00e9s. Le volume ne doit pas d\u00e9passer 10% de l&rsquo;ensemble du volume pour les ouvrages. Les th\u00e8ses, m\u00e9moires, ouvrages de r\u00e9serve, r\u00e9pertoires et inventaires ne peuvent \u00eatre photocopi\u00e9s.<\/li>\n<\/ul>\n<ul>\n<li><strong>Reprographie\u00a0: <\/strong>Les usagers de la biblioth\u00e8que ont la possibilit\u00e9 de reprographier les documents microfilm\u00e9s. Un d\u00e9lai de 48h est n\u00e9cessaire. La reprographie ne doit pas d\u00e9passer le tiers du document, la reprographie de cartons int\u00e9graux est interdite, le tarif de la reprographie doit \u00eatre r\u00e9gl\u00e9 d&rsquo;avance.<\/li>\n<\/ul>\n<ul>\n<li><strong>T\u00e9moignages oraux\u00a0: <\/strong>Les \u00e9tudiants et chercheurs ont la possibilit\u00e9 d&rsquo;\u00e9couter les enregistrements d&rsquo;acteurs et de t\u00e9moins. L&rsquo;audition se fait dans la salle de lecture des microfilms.<\/li>\n<\/ul>\n\r\n\t\t<\/div>\r\n\t<\/div>\r\n<\/div><\/div><div class=\"vc_tta-panel\" id=\"1636561102196-e3ac5734-cc9a\" data-vc-content=\".vc_tta-panel-body\"><div class=\"vc_tta-panel-heading\"><h4 class=\"vc_tta-panel-title\"><a href=\"#1636561102196-e3ac5734-cc9a\" data-vc-accordion data-vc-container=\".vc_tta-container\"><span class=\"vc_tta-title-text\">TARIFICATION DES SERVICES DE PHOTOCOPIE ET DE REPROGRAPHIE<\/span><\/a><\/h4><\/div><div class=\"vc_tta-panel-body\">\r\n\t<div class=\"wpb_text_column wpb_content_element\" >\r\n\t\t<div class=\"wpb_wrapper\">\r\n\t\t\t<p>L\u2019administration de l\u2019Institut Sup\u00e9rieur de l\u2019Histoire de la Tunisie Contemporaine informe les usagers de la biblioth\u00e8que des nouveaux tarifs appliqu\u00e9s aux services de photocopie et de reprographie des documents appartenant \u00e0 l\u2019institut.<\/p>\n<p>Ces tarifs sont valables \u00e0 partir du 1<sup>er<\/sup> juin 2021\u00a0:<\/p>\n<table width=\"600\">\n<tbody>\n<tr>\n<td width=\"36\"><strong><u>N\u00b0<\/u><\/strong><\/td>\n<td width=\"348\"><strong><u>Service<\/u><\/strong><\/td>\n<td width=\"216\"><strong><u>Tarif unitaire<\/u><\/strong><\/td>\n<\/tr>\n<tr>\n<td width=\"36\">01<\/td>\n<td width=\"348\">Photocopie en noir et blanc format A4<\/td>\n<td width=\"216\">50 millimes<\/td>\n<\/tr>\n<tr>\n<td width=\"36\">02<\/td>\n<td width=\"348\">Photocopie en noir et blanc format A3<\/td>\n<td width=\"216\">100 millimes<\/td>\n<\/tr>\n<tr>\n<td width=\"36\">03<\/td>\n<td width=\"348\">Photocopie en couleurs format A4<\/td>\n<td width=\"216\">200 millimes<\/td>\n<\/tr>\n<tr>\n<td width=\"36\">04<\/td>\n<td width=\"348\">Photocopie en couleurs format A3<\/td>\n<td width=\"216\">500 millimes<\/td>\n<\/tr>\n<tr>\n<td width=\"36\">05<\/td>\n<td width=\"348\">Num\u00e9risation en noir et blanc format A4<\/td>\n<td width=\"216\">200 millimes<\/td>\n<\/tr>\n<tr>\n<td width=\"36\">06<\/td>\n<td width=\"348\">Num\u00e9risation en noir et blanc format A3<\/td>\n<td width=\"216\">500 millimes<\/td>\n<\/tr>\n<tr>\n<td width=\"36\">07<\/td>\n<td width=\"348\">Num\u00e9risation en couleurs format A4<\/td>\n<td width=\"216\">500 millimes<\/td>\n<\/tr>\n<tr>\n<td width=\"36\">08<\/td>\n<td width=\"348\">Num\u00e9risation en couleurs format A3<\/td>\n<td width=\"216\">900 millimes<\/td>\n<\/tr>\n<tr>\n<td width=\"36\">09<\/td>\n<td width=\"348\">Tirage<\/td>\n<td width=\"216\">200 millimes<\/td>\n<\/tr>\n<\/tbody>\n<\/table>\n\r\n\t\t<\/div>\r\n\t<\/div>\r\n<\/div><\/div><\/div><\/div><\/div><\/div><\/div><\/div><\/div><\/div>","protected":false},"excerpt":{"rendered":"Le r\u00e8glement interne de la salle de lectureTARIFICATION DES SERVICES DE PHOTOCOPIE ET DE REPROGRAPHIELe r\u00e8glement interne de la salle de lecture \u00a0Horaires Ouverture de la Salle de lecture\u00a0: De Lundi \u00e0 Vendredi\u00a0: de 8h30 \u00e0 16h00 sans interruption Le Samedi\u00a0: de 8h30 \u00e0 12h30 Fermeture annuelle de la salle de lecture au mois d'Ao\u00fbt","protected":false},"author":1,"featured_media":0,"parent":0,"menu_order":0,"comment_status":"closed","ping_status":"open","template":"","meta":{"footnotes":""},"class_list":["post-613","page","type-page","status-publish","hentry"],"_links":{"self":[{"href":"https:\/\/ishtc.formanet-tn.com\/en\/wp-json\/wp\/v2\/pages\/613","targetHints":{"allow":["GET"]}}],"collection":[{"href":"https:\/\/ishtc.formanet-tn.com\/en\/wp-json\/wp\/v2\/pages"}],"about":[{"href":"https:\/\/ishtc.formanet-tn.com\/en\/wp-json\/wp\/v2\/types\/page"}],"author":[{"embeddable":true,"href":"https:\/\/ishtc.formanet-tn.com\/en\/wp-json\/wp\/v2\/users\/1"}],"replies":[{"embeddable":true,"href":"https:\/\/ishtc.formanet-tn.com\/en\/wp-json\/wp\/v2\/comments?post=613"}],"version-history":[{"count":38,"href":"https:\/\/ishtc.formanet-tn.com\/en\/wp-json\/wp\/v2\/pages\/613\/revisions"}],"predecessor-version":[{"id":3003,"href":"https:\/\/ishtc.formanet-tn.com\/en\/wp-json\/wp\/v2\/pages\/613\/revisions\/3003"}],"wp:attachment":[{"href":"https:\/\/ishtc.formanet-tn.com\/en\/wp-json\/wp\/v2\/media?parent=613"}],"curies":[{"name":"wp","href":"https:\/\/api.w.org\/{rel}","templated":true}]}}