{"id":540,"date":"2021-08-31T13:37:48","date_gmt":"2021-08-31T11:37:48","guid":{"rendered":"https:\/\/ishtc.formanet-tn.com\/?page_id=540"},"modified":"2021-10-21T22:45:50","modified_gmt":"2021-10-21T21:45:50","slug":"ali-taieb","status":"publish","type":"page","link":"https:\/\/ishtc.formanet-tn.com\/en\/ali-taieb\/","title":{"rendered":"ALI TA\u00cfEB"},"content":{"rendered":"<div class=\"vc_row wpb_row vc_row-fluid\"><div class=\"wpb_column vc_column_container vc_col-sm-12\"><div class=\"vc_column-inner\"><div class=\"wpb_wrapper\">\r\n<!-- Teacher Profile Page  ___________________ -->\r\n<div class=\"teacher-profile\">\r\n    <div class=\"container\">\r\n        <div class=\"row\">\r\n            <div class=\"col-lg-8 col-md-8 col-sm-12 col-xs-12 float-right\">\r\n                <div class=\"text-warpper\">\r\n                    <h4>Sp\u00e9cialit\u00e9<\/h4>\r\n                    <p class=\"mmfix\">Histoire contemporaine et patrimoine rural<\/p>\r\n                    <div class=\"row mar35\">\r\n                        <div class=\"col-lg-12 col-md-12 col-sm-6 col-xs-12\">\r\n                            <h4>Axes de recherche<\/h4>\r\n                            <p>Le terrain, les transformations \u00e9conomiques, sociales et culturelles, et le patrimoine rural en Tunisie \u00e0 l'\u00e9poque coloniale europ\u00e9enne, et les mani\u00e8res de le valoriser pour un d\u00e9veloppement durable au niveau local, r\u00e9gional et national.<\/p>\r\n                            <ul>\r\n                            \t\t\t\t\t\t\t\t\t\t                                    <li><i class=\"fa fa-pencil\" aria-hidden=\"true\"><\/i><\/p><\/li>\r\n                                                                        <li><i class=\"fa fa-pencil\" aria-hidden=\"true\"><\/i><h4>Quelques publications<\/h4><\/li>\r\n                                                                        <li><i class=\"fa fa-pencil\" aria-hidden=\"true\"><\/i><ul><\/li>\r\n                                                                        <li><i class=\"fa fa-pencil\" aria-hidden=\"true\"><\/i><li>-Il a plus de vingt articles et deux livres de sa derni\u00e8re publication intitul\u00e9e :Majal Jendouba et Makther-Siliana : transformations sociales et \u00e9conomiques (1860-1956)<br \/><\/li>\r\n                                                                        <li><i class=\"fa fa-pencil\" aria-hidden=\"true\"><\/i>Et un article intitul\u00e9 : Le patrimoine hydraulique \u00e0 l\u2019\u00e9preuve de la colonisation agricole en Tunisie, in, RAWAFID,n\u00b0 22-23-24, 2017-2018-2019.pp.11-37.<\/li><\/li>\r\n                                                                        <li><i class=\"fa fa-pencil\" aria-hidden=\"true\"><\/i><\/ul><\/li>\r\n                                                                        <li><i class=\"fa fa-pencil\" aria-hidden=\"true\"><\/i><p><\/li>\r\n                                                                <\/ul>\r\n                        <\/div> <!-- \/.col- -->\r\n\r\n                    <\/div>\r\n                <\/div> <!-- \/.text-wrapper -->\r\n            <\/div>\r\n\r\n            <div class=\"col-lg-4 col-md-4 col-sm-12 col-xs-12 teacher-sidebar float-left wow fadeInUp\">\r\n                <div class=\"img-holder theme-bg-color\"><img decoding=\"async\" src=\"https:\/\/ishtc.formanet-tn.com\/wp-content\/uploads\/2021\/08\/ali-taieb.jpg\" alt=\"Teacher\"><\/div>\r\n                <div class=\"teachers-bio p-color-bg\">\r\n                    <h6><\/h6>\r\n                    <p><i class=\"fa fa-pencil-square-o\" aria-hidden=\"true\"><\/i> Le terrain, les transformations \u00e9conomiques, sociales et culturelles, et le patrimoine rural en Tunisie \u00e0 l'\u00e9poque coloniale europ\u00e9enne<\/p>\r\n                    <p><i class=\"fa fa-graduation-cap\" aria-hidden=\"true\"><\/i>Ma\u00eetre de conf\u00e9rences<\/p>\r\n                    <p><i class=\"fa fa-envelope-o\" aria-hidden=\"true\"><\/i> <a href=\"mailto:ali.taieb@ishtc.uma.tn\">ali.taieb@ishtc.uma.tn<\/a><\/p>\r\n                    <p><i class=\"fa fa-phone\" aria-hidden=\"true\"><\/i> <a href=\"Tel:+216 71 600 950\">+216 71 600 950<\/a><\/p>\r\n                    <p><i class=\"fa fa-location-arrow\" aria-hidden=\"true\"><\/i> <a href=\"\"><\/a><\/p>\r\n\r\n                    <ul>\r\n                        <li><a href=\"\" class=\"tran3s round-border icon\"><i class=\"fa fa-facebook\" aria-hidden=\"true\"><\/i><\/a><\/li>\r\n                        <li><a href=\"\" class=\"tran3s round-border icon\"><i class=\"fa fa-twitter\" aria-hidden=\"true\"><\/i><\/a><\/li>\r\n                        <li><a href=\"\" class=\"tran3s round-border icon\"><i class=\"fa fa-google-plus\" aria-hidden=\"true\"><\/i><\/a><\/li>\r\n                        <li><a href=\"\" class=\"tran3s round-border icon\"><i class=\"fa fa-pinterest\" aria-hidden=\"true\"><\/i><\/a><\/li>\r\n                    <\/ul>\r\n                <\/div> <!-- \/.teachers-bio -->\r\n            <\/div> <!-- \/.teacher-sidebar -->\r\n        <\/div> <!-- \/.row -->\r\n    <\/div> <!-- \/.container -->\r\n<\/div>\r\n\r\n<\/div><\/div><\/div><\/div><div class=\"vc_row wpb_row vc_row-fluid\"><div class=\"wpb_column vc_column_container vc_col-sm-12\"><div class=\"vc_column-inner\"><div class=\"wpb_wrapper\">   \r\n   \r\n\r\n<div class=\"our-teacher wow fadeInUp mar-bt\">\r\n    <div class=\"container\">\r\n                \t<h4>Nos chercheurs<\/h4>\r\n            <p><\/p>\r\n                <div class=\"row\">\r\n            <div class=\"theme-slider\">\r\n                                <div class=\"item\">\r\n                    <div class=\"item-wrapper theme-bg-color tran3s hvr-float-shadow\">\r\n                        <div class=\"img-holder round-border\">\r\n                            <img loading=\"lazy\" decoding=\"async\" width=\"230\" height=\"230\" src=\"https:\/\/ishtc.formanet-tn.com\/wp-content\/uploads\/2021\/08\/khaled_abid-230x230.jpg\" class=\"attachment-edutech_230x230 size-edutech_230x230 wp-post-image\" alt=\"\" srcset=\"https:\/\/ishtc.formanet-tn.com\/wp-content\/uploads\/2021\/08\/khaled_abid-230x230.jpg 230w, https:\/\/ishtc.formanet-tn.com\/wp-content\/uploads\/2021\/08\/khaled_abid-150x150.jpg 150w, https:\/\/ishtc.formanet-tn.com\/wp-content\/uploads\/2021\/08\/khaled_abid-110x110.jpg 110w\" sizes=\"auto, (max-width: 230px) 100vw, 230px\" \/>                            <div class=\"overlay round-border tran4s\">\r\n                                                                <ul>\r\n                                                                            <li><a href=\"\/en\/abid-khaled\/\" class=\"tran3s round-border icon\"><i class=\"fa fa fa-envelope-o\" aria-hidden=\"true\"><\/i><\/a><\/li>\r\n                                                                    <\/ul>\r\n                                                            <\/div>\r\n                        <\/div> <!-- \/.img-holder -->\r\n                        <a href=\"\"><h6>Khaled Abid<\/h6><\/a>\r\n                        <p><\/p>\r\n                    <\/div>\r\n                <\/div>\r\n                                <div class=\"item\">\r\n                    <div class=\"item-wrapper theme-bg-color tran3s hvr-float-shadow\">\r\n                        <div class=\"img-holder round-border\">\r\n                            <img loading=\"lazy\" decoding=\"async\" width=\"230\" height=\"230\" src=\"https:\/\/ishtc.formanet-tn.com\/wp-content\/uploads\/2021\/08\/ali-ait-mihoub-230x230.jpg\" class=\"attachment-edutech_230x230 size-edutech_230x230 wp-post-image\" alt=\"\" srcset=\"https:\/\/ishtc.formanet-tn.com\/wp-content\/uploads\/2021\/08\/ali-ait-mihoub-230x230.jpg 230w, https:\/\/ishtc.formanet-tn.com\/wp-content\/uploads\/2021\/08\/ali-ait-mihoub-150x150.jpg 150w, https:\/\/ishtc.formanet-tn.com\/wp-content\/uploads\/2021\/08\/ali-ait-mihoub-110x110.jpg 110w\" sizes=\"auto, (max-width: 230px) 100vw, 230px\" \/>                            <div class=\"overlay round-border tran4s\">\r\n                                                                <ul>\r\n                                                                            <li><a href=\"\/en\/?page_id=546\" class=\"tran3s round-border icon\"><i class=\"fa fa fa-envelope-o\" aria-hidden=\"true\"><\/i><\/a><\/li>\r\n                                                                    <\/ul>\r\n                                                            <\/div>\r\n                        <\/div> <!-- \/.img-holder -->\r\n                        <a href=\"\"><h6>Ali Ait mihoub<\/h6><\/a>\r\n                        <p><\/p>\r\n                    <\/div>\r\n                <\/div>\r\n                                <div class=\"item\">\r\n                    <div class=\"item-wrapper theme-bg-color tran3s hvr-float-shadow\">\r\n                        <div class=\"img-holder round-border\">\r\n                            <img loading=\"lazy\" decoding=\"async\" width=\"230\" height=\"230\" src=\"https:\/\/ishtc.formanet-tn.com\/wp-content\/uploads\/2021\/08\/MONCEF-BANI-230x230.jpg\" class=\"attachment-edutech_230x230 size-edutech_230x230 wp-post-image\" alt=\"\" srcset=\"https:\/\/ishtc.formanet-tn.com\/wp-content\/uploads\/2021\/08\/MONCEF-BANI-230x230.jpg 230w, https:\/\/ishtc.formanet-tn.com\/wp-content\/uploads\/2021\/08\/MONCEF-BANI-150x150.jpg 150w, https:\/\/ishtc.formanet-tn.com\/wp-content\/uploads\/2021\/08\/MONCEF-BANI-110x110.jpg 110w\" sizes=\"auto, (max-width: 230px) 100vw, 230px\" \/>                            <div class=\"overlay round-border tran4s\">\r\n                                                                <ul>\r\n                                                                            <li><a href=\"\/en\/?page_id=751\" class=\"tran3s round-border icon\"><i class=\"fa fa fa-envelope-o\" aria-hidden=\"true\"><\/i><\/a><\/li>\r\n                                                                    <\/ul>\r\n                                                            <\/div>\r\n                        <\/div> <!-- \/.img-holder -->\r\n                        <a href=\"\"><h6>Moncef Bani<\/h6><\/a>\r\n                        <p><\/p>\r\n                    <\/div>\r\n                <\/div>\r\n                                <div class=\"item\">\r\n                    <div class=\"item-wrapper theme-bg-color tran3s hvr-float-shadow\">\r\n                        <div class=\"img-holder round-border\">\r\n                            <img loading=\"lazy\" decoding=\"async\" width=\"230\" height=\"230\" src=\"https:\/\/ishtc.formanet-tn.com\/wp-content\/uploads\/2021\/08\/adelmajid-belhadi-230x230.jpg\" class=\"attachment-edutech_230x230 size-edutech_230x230 wp-post-image\" alt=\"\" srcset=\"https:\/\/ishtc.formanet-tn.com\/wp-content\/uploads\/2021\/08\/adelmajid-belhadi-230x230.jpg 230w, https:\/\/ishtc.formanet-tn.com\/wp-content\/uploads\/2021\/08\/adelmajid-belhadi-150x150.jpg 150w, https:\/\/ishtc.formanet-tn.com\/wp-content\/uploads\/2021\/08\/adelmajid-belhadi-110x110.jpg 110w\" sizes=\"auto, (max-width: 230px) 100vw, 230px\" \/>                            <div class=\"overlay round-border tran4s\">\r\n                                                                <ul>\r\n                                                                            <li><a href=\"\/en\/?page_id=487\" class=\"tran3s round-border icon\"><i class=\"fa fa fa-envelope-o\" aria-hidden=\"true\"><\/i><\/a><\/li>\r\n                                                                    <\/ul>\r\n                                                            <\/div>\r\n                        <\/div> <!-- \/.img-holder -->\r\n                        <a href=\"\"><h6>Abdelmajid Belhedi<\/h6><\/a>\r\n                        <p><\/p>\r\n                    <\/div>\r\n                <\/div>\r\n                                <div class=\"item\">\r\n                    <div class=\"item-wrapper theme-bg-color tran3s hvr-float-shadow\">\r\n                        <div class=\"img-holder round-border\">\r\n                            <img loading=\"lazy\" decoding=\"async\" width=\"229\" height=\"230\" src=\"https:\/\/ishtc.formanet-tn.com\/wp-content\/uploads\/2021\/08\/ABDEJLIL-BOUGUERRA-229x230.jpg\" class=\"attachment-edutech_230x230 size-edutech_230x230 wp-post-image\" alt=\"\" srcset=\"https:\/\/ishtc.formanet-tn.com\/wp-content\/uploads\/2021\/08\/ABDEJLIL-BOUGUERRA-229x230.jpg 229w, https:\/\/ishtc.formanet-tn.com\/wp-content\/uploads\/2021\/08\/ABDEJLIL-BOUGUERRA-150x150.jpg 150w, https:\/\/ishtc.formanet-tn.com\/wp-content\/uploads\/2021\/08\/ABDEJLIL-BOUGUERRA-110x110.jpg 110w\" sizes=\"auto, (max-width: 229px) 100vw, 229px\" \/>                            <div class=\"overlay round-border tran4s\">\r\n                                                                <ul>\r\n                                                                            <li><a href=\"\/en\/?page_id=151\" class=\"tran3s round-border icon\"><i class=\"fa fa fa-envelope-o\" aria-hidden=\"true\"><\/i><\/a><\/li>\r\n                                                                    <\/ul>\r\n                                                            <\/div>\r\n                        <\/div> <!-- \/.img-holder -->\r\n                        <a href=\"\"><h6>Abdejlil Bouguerra<\/h6><\/a>\r\n                        <p><\/p>\r\n                    <\/div>\r\n                <\/div>\r\n                                <div class=\"item\">\r\n                    <div class=\"item-wrapper theme-bg-color tran3s hvr-float-shadow\">\r\n                        <div class=\"img-holder round-border\">\r\n                            <img loading=\"lazy\" decoding=\"async\" width=\"230\" height=\"230\" src=\"https:\/\/ishtc.formanet-tn.com\/wp-content\/uploads\/2021\/08\/Faysal-CHERIF-230x230.jpg\" class=\"attachment-edutech_230x230 size-edutech_230x230 wp-post-image\" alt=\"\" srcset=\"https:\/\/ishtc.formanet-tn.com\/wp-content\/uploads\/2021\/08\/Faysal-CHERIF-230x230.jpg 230w, https:\/\/ishtc.formanet-tn.com\/wp-content\/uploads\/2021\/08\/Faysal-CHERIF-150x150.jpg 150w, https:\/\/ishtc.formanet-tn.com\/wp-content\/uploads\/2021\/08\/Faysal-CHERIF-110x110.jpg 110w\" sizes=\"auto, (max-width: 230px) 100vw, 230px\" \/>                            <div class=\"overlay round-border tran4s\">\r\n                                                                <ul>\r\n                                                                            <li><a href=\"\/en\/?page_id=536\" class=\"tran3s round-border icon\"><i class=\"fa fa fa-envelope-o\" aria-hidden=\"true\"><\/i><\/a><\/li>\r\n                                                                    <\/ul>\r\n                                                            <\/div>\r\n                        <\/div> <!-- \/.img-holder -->\r\n                        <a href=\"\"><h6>Faysal Cherif<\/h6><\/a>\r\n                        <p><\/p>\r\n                    <\/div>\r\n                <\/div>\r\n                                <div class=\"item\">\r\n                    <div class=\"item-wrapper theme-bg-color tran3s hvr-float-shadow\">\r\n                        <div class=\"img-holder round-border\">\r\n                            <img loading=\"lazy\" decoding=\"async\" width=\"230\" height=\"230\" src=\"https:\/\/ishtc.formanet-tn.com\/wp-content\/uploads\/2021\/08\/fatma-jrad-230x230.jpg\" class=\"attachment-edutech_230x230 size-edutech_230x230 wp-post-image\" alt=\"\" srcset=\"https:\/\/ishtc.formanet-tn.com\/wp-content\/uploads\/2021\/08\/fatma-jrad-230x230.jpg 230w, https:\/\/ishtc.formanet-tn.com\/wp-content\/uploads\/2021\/08\/fatma-jrad-150x150.jpg 150w, https:\/\/ishtc.formanet-tn.com\/wp-content\/uploads\/2021\/08\/fatma-jrad-110x110.jpg 110w\" sizes=\"auto, (max-width: 230px) 100vw, 230px\" \/>                            <div class=\"overlay round-border tran4s\">\r\n                                                                <ul>\r\n                                                                            <li><a href=\"\/en\/?page_id=538\" class=\"tran3s round-border icon\"><i class=\"fa fa fa-envelope-o\" aria-hidden=\"true\"><\/i><\/a><\/li>\r\n                                                                    <\/ul>\r\n                                                            <\/div>\r\n                        <\/div> <!-- \/.img-holder -->\r\n                        <a href=\"\"><h6>FATMA Jrad<\/h6><\/a>\r\n                        <p><\/p>\r\n                    <\/div>\r\n                <\/div>\r\n                                <div class=\"item\">\r\n                    <div class=\"item-wrapper theme-bg-color tran3s hvr-float-shadow\">\r\n                        <div class=\"img-holder round-border\">\r\n                            <img loading=\"lazy\" decoding=\"async\" width=\"230\" height=\"230\" src=\"https:\/\/ishtc.formanet-tn.com\/wp-content\/uploads\/2021\/08\/MAROUANE-230x230.jpg\" class=\"attachment-edutech_230x230 size-edutech_230x230 wp-post-image\" alt=\"\" srcset=\"https:\/\/ishtc.formanet-tn.com\/wp-content\/uploads\/2021\/08\/MAROUANE-230x230.jpg 230w, https:\/\/ishtc.formanet-tn.com\/wp-content\/uploads\/2021\/08\/MAROUANE-150x150.jpg 150w, https:\/\/ishtc.formanet-tn.com\/wp-content\/uploads\/2021\/08\/MAROUANE-250x250.jpg 250w, https:\/\/ishtc.formanet-tn.com\/wp-content\/uploads\/2021\/08\/MAROUANE-182x182.jpg 182w, https:\/\/ishtc.formanet-tn.com\/wp-content\/uploads\/2021\/08\/MAROUANE-110x110.jpg 110w\" sizes=\"auto, (max-width: 230px) 100vw, 230px\" \/>                            <div class=\"overlay round-border tran4s\">\r\n                                                                <ul>\r\n                                                                            <li><a href=\"\/en\/?page_id=528\" class=\"tran3s round-border icon\"><i class=\"fa fa fa-envelope-o\" aria-hidden=\"true\"><\/i><\/a><\/li>\r\n                                                                    <\/ul>\r\n                                                            <\/div>\r\n                        <\/div> <!-- \/.img-holder -->\r\n                        <a href=\"\"><h6>Marouane LAJILI<\/h6><\/a>\r\n                        <p><\/p>\r\n                    <\/div>\r\n                <\/div>\r\n                                <div class=\"item\">\r\n                    <div class=\"item-wrapper theme-bg-color tran3s hvr-float-shadow\">\r\n                        <div class=\"img-holder round-border\">\r\n                            <img loading=\"lazy\" decoding=\"async\" width=\"230\" height=\"230\" src=\"https:\/\/ishtc.formanet-tn.com\/wp-content\/uploads\/2021\/08\/ali-ltaief-230x230.jpg\" class=\"attachment-edutech_230x230 size-edutech_230x230 wp-post-image\" alt=\"\" srcset=\"https:\/\/ishtc.formanet-tn.com\/wp-content\/uploads\/2021\/08\/ali-ltaief-230x230.jpg 230w, https:\/\/ishtc.formanet-tn.com\/wp-content\/uploads\/2021\/08\/ali-ltaief-150x150.jpg 150w, https:\/\/ishtc.formanet-tn.com\/wp-content\/uploads\/2021\/08\/ali-ltaief-110x110.jpg 110w\" sizes=\"auto, (max-width: 230px) 100vw, 230px\" \/>                            <div class=\"overlay round-border tran4s\">\r\n                                                                <ul>\r\n                                                                            <li><a href=\"\/en\/?page_id=543\" class=\"tran3s round-border icon\"><i class=\"fa\" aria-hidden=\"true\"><\/i><\/a><\/li>\r\n                                                                    <\/ul>\r\n                                                            <\/div>\r\n                        <\/div> <!-- \/.img-holder -->\r\n                        <a href=\"\"><h6>Ali Leta\u00efef<\/h6><\/a>\r\n                        <p><\/p>\r\n                    <\/div>\r\n                <\/div>\r\n                                <div class=\"item\">\r\n                    <div class=\"item-wrapper theme-bg-color tran3s hvr-float-shadow\">\r\n                        <div class=\"img-holder round-border\">\r\n                            <img loading=\"lazy\" decoding=\"async\" width=\"230\" height=\"230\" src=\"https:\/\/ishtc.formanet-tn.com\/wp-content\/uploads\/2021\/08\/Faouzi-Saadaoui-230x230.jpeg\" class=\"attachment-edutech_230x230 size-edutech_230x230 wp-post-image\" alt=\"\" srcset=\"https:\/\/ishtc.formanet-tn.com\/wp-content\/uploads\/2021\/08\/Faouzi-Saadaoui-230x230.jpeg 230w, https:\/\/ishtc.formanet-tn.com\/wp-content\/uploads\/2021\/08\/Faouzi-Saadaoui-150x150.jpeg 150w, https:\/\/ishtc.formanet-tn.com\/wp-content\/uploads\/2021\/08\/Faouzi-Saadaoui-110x110.jpeg 110w\" sizes=\"auto, (max-width: 230px) 100vw, 230px\" \/>                            <div class=\"overlay round-border tran4s\">\r\n                                                                <ul>\r\n                                                                            <li><a href=\"\/en\/?page_id=532\" class=\"tran3s round-border icon\"><i class=\"fa fa fa-envelope-o\" aria-hidden=\"true\"><\/i><\/a><\/li>\r\n                                                                    <\/ul>\r\n                                                            <\/div>\r\n                        <\/div> <!-- \/.img-holder -->\r\n                        <a href=\"\"><h6>Faouzi Saadaoui<\/h6><\/a>\r\n                        <p><\/p>\r\n                    <\/div>\r\n                <\/div>\r\n                                <div class=\"item\">\r\n                    <div class=\"item-wrapper theme-bg-color tran3s hvr-float-shadow\">\r\n                        <div class=\"img-holder round-border\">\r\n                            <img loading=\"lazy\" decoding=\"async\" width=\"216\" height=\"230\" src=\"https:\/\/ishtc.formanet-tn.com\/wp-content\/uploads\/2021\/08\/ali-taieb-216x230.jpg\" class=\"attachment-edutech_230x230 size-edutech_230x230 wp-post-image\" alt=\"\" \/>                            <div class=\"overlay round-border tran4s\">\r\n                                                                <ul>\r\n                                                                            <li><a href=\"\/en\/?page_id=540\" class=\"tran3s round-border icon\"><i class=\"fa fa fa-envelope-o\" aria-hidden=\"true\"><\/i><\/a><\/li>\r\n                                                                    <\/ul>\r\n                                                            <\/div>\r\n                        <\/div> <!-- \/.img-holder -->\r\n                        <a href=\"\"><h6>ALI Ta\u00efeb<\/h6><\/a>\r\n                        <p><\/p>\r\n                    <\/div>\r\n                <\/div>\r\n                                <div class=\"item\">\r\n                    <div class=\"item-wrapper theme-bg-color tran3s hvr-float-shadow\">\r\n                        <div class=\"img-holder round-border\">\r\n                            <img loading=\"lazy\" decoding=\"async\" width=\"230\" height=\"230\" src=\"https:\/\/ishtc.formanet-tn.com\/wp-content\/uploads\/2021\/08\/368451569_241569608690933_1429792110687549460_n-230x230.jpg\" class=\"attachment-edutech_230x230 size-edutech_230x230 wp-post-image\" alt=\"\" srcset=\"https:\/\/ishtc.formanet-tn.com\/wp-content\/uploads\/2021\/08\/368451569_241569608690933_1429792110687549460_n-230x230.jpg 230w, https:\/\/ishtc.formanet-tn.com\/wp-content\/uploads\/2021\/08\/368451569_241569608690933_1429792110687549460_n-150x150.jpg 150w, https:\/\/ishtc.formanet-tn.com\/wp-content\/uploads\/2021\/08\/368451569_241569608690933_1429792110687549460_n-250x250.jpg 250w, https:\/\/ishtc.formanet-tn.com\/wp-content\/uploads\/2021\/08\/368451569_241569608690933_1429792110687549460_n-182x182.jpg 182w, https:\/\/ishtc.formanet-tn.com\/wp-content\/uploads\/2021\/08\/368451569_241569608690933_1429792110687549460_n-110x110.jpg 110w\" sizes=\"auto, (max-width: 230px) 100vw, 230px\" \/>                            <div class=\"overlay round-border tran4s\">\r\n                                                                <ul>\r\n                                                                            <li><a href=\"\/en\/bilel-saoudi\/\" class=\"tran3s round-border icon\"><i class=\"fa\" aria-hidden=\"true\"><\/i><\/a><\/li>\r\n                                                                    <\/ul>\r\n                                                            <\/div>\r\n                        <\/div> <!-- \/.img-holder -->\r\n                        <a href=\"\"><h6>Bilel Saoudi<\/h6><\/a>\r\n                        <p><\/p>\r\n                    <\/div>\r\n                <\/div>\r\n                                \r\n            <\/div>\r\n        <\/div> <!-- \/.row -->\r\n    <\/div> <!-- \/.container -->\r\n<\/div>\r\n\r\n<\/div><\/div><\/div><\/div>","protected":false},"excerpt":{"rendered":"","protected":false},"author":1,"featured_media":0,"parent":0,"menu_order":0,"comment_status":"closed","ping_status":"closed","template":"tpl-visual_composer.php","meta":{"footnotes":""},"class_list":["post-540","page","type-page","status-publish","hentry"],"_links":{"self":[{"href":"https:\/\/ishtc.formanet-tn.com\/en\/wp-json\/wp\/v2\/pages\/540","targetHints":{"allow":["GET"]}}],"collection":[{"href":"https:\/\/ishtc.formanet-tn.com\/en\/wp-json\/wp\/v2\/pages"}],"about":[{"href":"https:\/\/ishtc.formanet-tn.com\/en\/wp-json\/wp\/v2\/types\/page"}],"author":[{"embeddable":true,"href":"https:\/\/ishtc.formanet-tn.com\/en\/wp-json\/wp\/v2\/users\/1"}],"replies":[{"embeddable":true,"href":"https:\/\/ishtc.formanet-tn.com\/en\/wp-json\/wp\/v2\/comments?post=540"}],"version-history":[{"count":6,"href":"https:\/\/ishtc.formanet-tn.com\/en\/wp-json\/wp\/v2\/pages\/540\/revisions"}],"predecessor-version":[{"id":1245,"href":"https:\/\/ishtc.formanet-tn.com\/en\/wp-json\/wp\/v2\/pages\/540\/revisions\/1245"}],"wp:attachment":[{"href":"https:\/\/ishtc.formanet-tn.com\/en\/wp-json\/wp\/v2\/media?parent=540"}],"curies":[{"name":"wp","href":"https:\/\/api.w.org\/{rel}","templated":true}]}}