{"id":329,"date":"2021-08-24T23:06:04","date_gmt":"2021-08-24T21:06:04","guid":{"rendered":"http:\/\/127.0.0.1:8080\/ISHTC\/?page_id=329"},"modified":"2021-12-15T19:59:39","modified_gmt":"2021-12-15T18:59:39","slug":"unite-de-lieux-de-memoire-et-des-musees","status":"publish","type":"page","link":"https:\/\/ishtc.formanet-tn.com\/en\/unite-de-lieux-de-memoire-et-des-musees\/","title":{"rendered":"Unit\u00e9 de lieux de m\u00e9moire et des mus\u00e9es"},"content":{"rendered":"<div class=\"vc_row wpb_row vc_row-fluid\"><\/div><div class=\"vc_row wpb_row vc_row-fluid\"><\/div><div class=\"vc_row wpb_row vc_row-fluid\"><div class=\"wpb_column vc_column_container vc_col-sm-12\"><div class=\"vc_column-inner\"><div class=\"wpb_wrapper\">\t\t<ul class=\"mega-info-list\" style=\"list-style-type: none; height: 100%;\">\r\n\t\t\t\t\t<div class=\"vc_info_list_outer\">\r\n\t\t\t\t\t\t    \t\r\n\t\t    \t<li class=\"vc_info_list\" style=\"padding-bottom: 30px;border-left: 1px solid #000;margin-left: 40px;float: none;margin-bottom: 2px\">\r\n\t\t\t      \t<div class=\"media\">\r\n\t\t\t\t\t  <div class=\"media-left info-list-img\" style=\"margin-left: -40px;padding-right: 20px;float: left\">\r\n\t\t\t\t\t    \t\t\t\t        \t\t\t\t        <div style=\"border: 0px solid;border-radius: 50%;background: #fff\">\r\n\t\t\t\t\t        <span style=\"width: 80px;height: 80px;border-radius: 50%;text-align: center\">\r\n\t\t\t\t\t\t    \t<span style=\"vertical-align: middle !important\">\r\n\t\t\t\t\t\t        \r\n\t\t\t\t\t\t        \t<i class=\"fas fa-tag\" aria-hidden=\"true\" style=\"font-size: 30px;color: #b28d6f\"><\/i>\r\n\t\t\t\t\t       \t \t\r\n\t\t\t\t\t       \t \t<\/span>\r\n\t\t\t\t\t\t  \t<\/span>\r\n\t\t\t\t\t\t<\/div>\r\n\t\t\t\t\t\t\t\t\t\t\t  <\/div>\r\n\t\t\t\t  \t  <div class=\"media-body\">\r\n\t\t\t\t    \t<h2 style=\"font-size: 18px;color: #000000;font-style: default;line-height:\">\r\n\t\t\t\t    \t\t\t\t\t\t    \t<\/h2>\r\n\t\t\t\t    \t\t<p>Les pr\u00e9rogatives de l&rsquo;unit\u00e9 sont diverses, elles consistent \u00e0:<\/p>\n<ul>\n<li>\u00a0Rassembler de la documentation sur les lieux de m\u00e9moire de la Tunisie contemporaine, comme les monuments, mais aussi les symboles et les concepts et entreprendre des recherches autour de cette probl\u00e9matique .<\/li>\n<li>\u00a0Organiser des rencontres ou des expositions, participer \u00e0 des publications .<\/li>\n<li>\u00a0G\u00e9rer et enrichir la phototh\u00e8que \u00e0 partir des fonds d&rsquo;archives photographiques ou film\u00e9es disponibles dans diff\u00e9rentes administrations tunisiennes.<\/li>\n<\/ul>\n\t\t\t\t  \t\t<\/div>\r\n\t\t\t\t\t<\/div>\r\n\t\t    \t<\/li>\r\n\t\t\t\r\n\t\t\t\t\r\n\t\t<\/div>\r\n\r\n\t\t\n\t\t<\/ul>\r\n\r\n\t\t<\/div><\/div><\/div><\/div><\/div>\n<\/div>\n<\/div>\n<\/div>\n<\/div>\n<\/div>\n<\/div>\n<\/div>\n<\/div>\n<\/div>","protected":false},"excerpt":{"rendered":"Les pr\u00e9rogatives de l'unit\u00e9 sont diverses, elles consistent \u00e0: \u00a0Rassembler de la documentation sur les lieux de m\u00e9moire de la Tunisie contemporaine, comme les monuments, mais aussi les symboles et les concepts et entreprendre des recherches autour de cette probl\u00e9matique . \u00a0Organiser des rencontres ou des expositions, participer \u00e0 des publications . \u00a0G\u00e9rer et enrichir","protected":false},"author":1,"featured_media":0,"parent":0,"menu_order":0,"comment_status":"closed","ping_status":"open","template":"","meta":{"footnotes":""},"class_list":["post-329","page","type-page","status-publish","hentry"],"_links":{"self":[{"href":"https:\/\/ishtc.formanet-tn.com\/en\/wp-json\/wp\/v2\/pages\/329","targetHints":{"allow":["GET"]}}],"collection":[{"href":"https:\/\/ishtc.formanet-tn.com\/en\/wp-json\/wp\/v2\/pages"}],"about":[{"href":"https:\/\/ishtc.formanet-tn.com\/en\/wp-json\/wp\/v2\/types\/page"}],"author":[{"embeddable":true,"href":"https:\/\/ishtc.formanet-tn.com\/en\/wp-json\/wp\/v2\/users\/1"}],"replies":[{"embeddable":true,"href":"https:\/\/ishtc.formanet-tn.com\/en\/wp-json\/wp\/v2\/comments?post=329"}],"version-history":[{"count":8,"href":"https:\/\/ishtc.formanet-tn.com\/en\/wp-json\/wp\/v2\/pages\/329\/revisions"}],"predecessor-version":[{"id":2057,"href":"https:\/\/ishtc.formanet-tn.com\/en\/wp-json\/wp\/v2\/pages\/329\/revisions\/2057"}],"wp:attachment":[{"href":"https:\/\/ishtc.formanet-tn.com\/en\/wp-json\/wp\/v2\/media?parent=329"}],"curies":[{"name":"wp","href":"https:\/\/api.w.org\/{rel}","templated":true}]}}