{"id":327,"date":"2021-08-24T22:49:42","date_gmt":"2021-08-24T20:49:42","guid":{"rendered":"http:\/\/127.0.0.1:8080\/ISHTC\/?page_id=327"},"modified":"2025-03-24T11:32:42","modified_gmt":"2025-03-24T10:32:42","slug":"unite-detudes-et-de-recherches-archivistiques","status":"publish","type":"page","link":"https:\/\/ishtc.formanet-tn.com\/en\/unite-detudes-et-de-recherches-archivistiques\/","title":{"rendered":"Unit\u00e9 d&rsquo;\u00e9tudes et de recherches archivistiques"},"content":{"rendered":"<div class=\"vc_row wpb_row vc_row-fluid\"><\/div><div class=\"vc_row wpb_row vc_row-fluid\"><\/div><div class=\"vc_row wpb_row vc_row-fluid\"><div class=\"wpb_column vc_column_container vc_col-sm-12\"><div class=\"vc_column-inner\"><div class=\"wpb_wrapper\">\t\t<ul class=\"mega-info-list\" style=\"list-style-type: none; height: 100%;\">\r\n\t\t\t<div class=\"vc_info_list_outer\">\r\n\t\t\t\t\t\t    \t\r\n\t\t    \t<li class=\"vc_info_list\" style=\"padding-bottom: 30px;border-left: 1px dotted #000;margin-left: 40px;float: none;margin-bottom: 2px\">\r\n\t\t\t      \t<div class=\"media\">\r\n\t\t\t\t\t  <div class=\"media-left info-list-img\" style=\"margin-left: -40px;padding-right: 20px;float: left\">\r\n\t\t\t\t\t    \t\t\t\t        \t\t\t\t        <div style=\"border: 0px solid;border-radius: 50%;background: #fff\">\r\n\t\t\t\t\t        <span style=\"width: 80px;height: 80px;border-radius: 50%;text-align: center\">\r\n\t\t\t\t\t\t    \t<span style=\"vertical-align: middle !important\">\r\n\t\t\t\t\t\t        \r\n\t\t\t\t\t\t        \t<i class=\"fas fa-tag\" aria-hidden=\"true\" style=\"font-size: 30px;color: #b28d6f\"><\/i>\r\n\t\t\t\t\t       \t \t\r\n\t\t\t\t\t       \t \t<\/span>\r\n\t\t\t\t\t\t  \t<\/span>\r\n\t\t\t\t\t\t<\/div>\r\n\t\t\t\t\t\t\t\t\t\t\t  <\/div>\r\n\t\t\t\t  \t  <div class=\"media-body\">\r\n\t\t\t\t    \t<h2 style=\"font-size: 18px;color: #000000;font-style: default;line-height:\">\r\n\t\t\t\t    \t\t\t\t\t\t    \t<\/h2>\r\n\t\t\t\t    \t\t<p>Cette unit\u00e9 assure le suivi de la reproduction des documents relatifs \u00e0 l&rsquo;histoire de la Tunisie \u00e0 l&rsquo;\u00e9poque coloniale sous forme de microfilms, leur classement et leur indexation comme elle les met \u00e0 la disposition des chercheurs dans une salle \u00e9quip\u00e9e d&rsquo;appareils de lecture de microfilms.<\/p>\n\t\t\t\t  \t\t<\/div>\r\n\t\t\t\t\t<\/div>\r\n\t\t    \t<\/li>\r\n\t\t\t\r\n\t\t\t\t\r\n\t\t<\/div>\r\n\r\n\t\t\t\t<div class=\"vc_info_list_outer\">\r\n\t\t\t\t\t\t    \t\r\n\t\t    \t<li class=\"vc_info_list\" style=\"padding-bottom: 30px;border-left: 1px dotted #000;margin-left: 40px;float: none;margin-bottom: 2px\">\r\n\t\t\t      \t<div class=\"media\">\r\n\t\t\t\t\t  <div class=\"media-left info-list-img\" style=\"margin-left: -40px;padding-right: 20px;float: left\">\r\n\t\t\t\t\t    \t\t\t\t        \t\t\t\t        <div style=\"border: 0px solid;border-radius: 50%;background: #fff\">\r\n\t\t\t\t\t        <span style=\"width: 80px;height: 80px;border-radius: 50%;text-align: center\">\r\n\t\t\t\t\t\t    \t<span style=\"vertical-align: middle !important\">\r\n\t\t\t\t\t\t        \r\n\t\t\t\t\t\t        \t<i class=\"fas fa-tag\" aria-hidden=\"true\" style=\"font-size: 30px;color: #b28d6f\"><\/i>\r\n\t\t\t\t\t       \t \t\r\n\t\t\t\t\t       \t \t<\/span>\r\n\t\t\t\t\t\t  \t<\/span>\r\n\t\t\t\t\t\t<\/div>\r\n\t\t\t\t\t\t\t\t\t\t\t  <\/div>\r\n\t\t\t\t  \t  <div class=\"media-body\">\r\n\t\t\t\t    \t<h2 style=\"font-size: 18px;color: #000000;font-style: default;line-height:\">\r\n\t\t\t\t    \t\t\t\t\t\t    \t<\/h2>\r\n\t\t\t\t    \t\t<p>Le\u00a0<a href=\"https:\/\/vpnssl.cck.rnu.tn:4343\/proxy\/4de0682e\/http\/www.ishmn.rnu.tn\/archives.htm\">fonds de microfilms<\/a>\u00a0est estim\u00e9 \u00e0 3336 bobines d\u2019archives provenant de diff\u00e9rents centres d\u2019archives en France\u00a0: Minist\u00e8re des Affaires Etrang\u00e8res (Quai d\u2019Orsay, Paris et Centre des Archives Diplomatiques de Nantes), Service Historique de l\u2019Arm\u00e9e (de Terre et de Mer), Archives Nationales de France (Paris) et Archives Nationales d\u2019Outre-Mer (Aix-en-Provence), Archives Economiques et Financi\u00e8res(Paris), etc.<\/p>\n\t\t\t\t  \t\t<\/div>\r\n\t\t\t\t\t<\/div>\r\n\t\t    \t<\/li>\r\n\t\t\t\r\n\t\t\t\t\r\n\t\t<\/div>\r\n\r\n\t\t\t\t<div class=\"vc_info_list_outer\">\r\n\t\t\t\t\t\t    \t\r\n\t\t    \t<li class=\"vc_info_list\" style=\"padding-bottom: 30px;border-left: 1px dotted #000;margin-left: 40px;float: none;margin-bottom: 2px\">\r\n\t\t\t      \t<div class=\"media\">\r\n\t\t\t\t\t  <div class=\"media-left info-list-img\" style=\"margin-left: -40px;padding-right: 20px;float: left\">\r\n\t\t\t\t\t    \t\t\t\t        \t\t\t\t        <div style=\"border: 0px solid;border-radius: 50%;background: #fff\">\r\n\t\t\t\t\t        <span style=\"width: 80px;height: 80px;border-radius: 50%;text-align: center\">\r\n\t\t\t\t\t\t    \t<span style=\"vertical-align: middle !important\">\r\n\t\t\t\t\t\t        \r\n\t\t\t\t\t\t        \t<i class=\"fas fa-tag\" aria-hidden=\"true\" style=\"font-size: 30px;color: #b28d6f\"><\/i>\r\n\t\t\t\t\t       \t \t\r\n\t\t\t\t\t       \t \t<\/span>\r\n\t\t\t\t\t\t  \t<\/span>\r\n\t\t\t\t\t\t<\/div>\r\n\t\t\t\t\t\t\t\t\t\t\t  <\/div>\r\n\t\t\t\t  \t  <div class=\"media-body\">\r\n\t\t\t\t    \t<h2 style=\"font-size: 18px;color: #000000;font-style: default;line-height:\">\r\n\t\t\t\t    \t\t\t\t\t\t    \t<\/h2>\r\n\t\t\t\t    \t\t<p>L&rsquo;Unit\u00e9 a publi\u00e9 depuis 1984 un bulletin scientifique intitul\u00e9\u00a0<a href=\"https:\/\/vpnssl.cck.rnu.tn:4343\/proxy\/4de0682e\/http\/www.ishmn.rnu.tn\/num.W.htm\"><em>Watha\u2019iq<\/em><\/a><em>. La collection <\/em>\u00a0contient 25 num\u00e9ros traitant de diff\u00e9rents th\u00e8mes touchant \u00e0 l\u2019histoire du mouvement national tunisien. Elle facilite et ouvre\u00a0 de nouvelles perspectives de recherche.<\/p>\n\t\t\t\t  \t\t<\/div>\r\n\t\t\t\t\t<\/div>\r\n\t\t    \t<\/li>\r\n\t\t\t\r\n\t\t\t\t\r\n\t\t<\/div>\r\n\r\n\t\t\t\t<div class=\"vc_info_list_outer\">\r\n\t\t\t\t\t\t    \t\r\n\t\t    \t<li class=\"vc_info_list\" style=\"padding-bottom: 30px;border-left: 1px dotted #000;margin-left: 40px;float: none;margin-bottom: 2px\">\r\n\t\t\t      \t<div class=\"media\">\r\n\t\t\t\t\t  <div class=\"media-left info-list-img\" style=\"margin-left: -40px;padding-right: 20px;float: left\">\r\n\t\t\t\t\t    \t\t\t\t        \t\t\t\t        <div style=\"border: 0px solid;border-radius: 50%;background: #fff\">\r\n\t\t\t\t\t        <span style=\"width: 80px;height: 80px;border-radius: 50%;text-align: center\">\r\n\t\t\t\t\t\t    \t<span style=\"vertical-align: middle !important\">\r\n\t\t\t\t\t\t        \r\n\t\t\t\t\t\t        \t<i class=\"fas fa-tag\" aria-hidden=\"true\" style=\"font-size: 30px;color: #b28d6f\"><\/i>\r\n\t\t\t\t\t       \t \t\r\n\t\t\t\t\t       \t \t<\/span>\r\n\t\t\t\t\t\t  \t<\/span>\r\n\t\t\t\t\t\t<\/div>\r\n\t\t\t\t\t\t\t\t\t\t\t  <\/div>\r\n\t\t\t\t  \t  <div class=\"media-body\">\r\n\t\t\t\t    \t<h2 style=\"font-size: 18px;color: #000000;font-style: default;line-height:\">\r\n\t\t\t\t    \t\t\t\t\t\t    \t<\/h2>\r\n\t\t\t\t    \t\t<p>L\u2019unit\u00e9 a \u00e9galement organis\u00e9 des <a href=\"https:\/\/vpnssl.cck.rnu.tn:4343\/proxy\/4de0682e\/http\/www.ishmn.rnu.tn\/acc_seminaire.htm\">\u00a0s\u00e9minaires \u00a0<\/a>m\u00e9thodologiques sur\u00a0les usages d\u2019archives et questions d\u2019Histoire.<\/p>\n\t\t\t\t  \t\t<\/div>\r\n\t\t\t\t\t<\/div>\r\n\t\t    \t<\/li>\r\n\t\t\t\r\n\t\t\t\t\r\n\t\t<\/div>\n\t\t<\/ul>\r\n\r\n\t\t<\/div><\/div><\/div><\/div>","protected":false},"excerpt":{"rendered":"Cette unit\u00e9 assure le suivi de la reproduction des documents relatifs \u00e0 l'histoire de la Tunisie \u00e0 l'\u00e9poque coloniale sous forme de microfilms, leur classement et leur indexation comme elle les met \u00e0 la disposition des chercheurs dans une salle \u00e9quip\u00e9e d'appareils de lecture de microfilms. Le\u00a0fonds de microfilms\u00a0est estim\u00e9 \u00e0 3336 bobines d\u2019archives provenant","protected":false},"author":1,"featured_media":0,"parent":0,"menu_order":0,"comment_status":"closed","ping_status":"open","template":"","meta":{"footnotes":""},"class_list":["post-327","page","type-page","status-publish","hentry"],"_links":{"self":[{"href":"https:\/\/ishtc.formanet-tn.com\/en\/wp-json\/wp\/v2\/pages\/327","targetHints":{"allow":["GET"]}}],"collection":[{"href":"https:\/\/ishtc.formanet-tn.com\/en\/wp-json\/wp\/v2\/pages"}],"about":[{"href":"https:\/\/ishtc.formanet-tn.com\/en\/wp-json\/wp\/v2\/types\/page"}],"author":[{"embeddable":true,"href":"https:\/\/ishtc.formanet-tn.com\/en\/wp-json\/wp\/v2\/users\/1"}],"replies":[{"embeddable":true,"href":"https:\/\/ishtc.formanet-tn.com\/en\/wp-json\/wp\/v2\/comments?post=327"}],"version-history":[{"count":15,"href":"https:\/\/ishtc.formanet-tn.com\/en\/wp-json\/wp\/v2\/pages\/327\/revisions"}],"predecessor-version":[{"id":2694,"href":"https:\/\/ishtc.formanet-tn.com\/en\/wp-json\/wp\/v2\/pages\/327\/revisions\/2694"}],"wp:attachment":[{"href":"https:\/\/ishtc.formanet-tn.com\/en\/wp-json\/wp\/v2\/media?parent=327"}],"curies":[{"name":"wp","href":"https:\/\/api.w.org\/{rel}","templated":true}]}}