{"id":2256,"date":"2021-12-22T13:30:24","date_gmt":"2021-12-22T12:30:24","guid":{"rendered":"https:\/\/ishtc.formanet-tn.com\/?page_id=2256"},"modified":"2021-12-23T11:39:06","modified_gmt":"2021-12-23T10:39:06","slug":"liens-utiles","status":"publish","type":"page","link":"https:\/\/ishtc.formanet-tn.com\/ar\/liens-utiles\/","title":{"rendered":"\u0631\u0648\u0627\u0628\u0637 \u0645\u0641\u064a\u062f\u0629"},"content":{"rendered":"<div class=\"vc_row wpb_row vc_row-fluid\"><div class=\"wpb_column vc_column_container vc_col-sm-12\"><div class=\"vc_column-inner\"><div class=\"wpb_wrapper\">\t\t<ul class=\"mega-info-list\" style=\"list-style-type: none; height: 100%;\">\r\n\t\t\t\t\t<div class=\"vc_info_list_outer\">\r\n\t\t\t\t\t\t    \t\r\n\t\t    \t<li class=\"vc_info_list\" style=\"padding-bottom: 30px;border-left: 0px dotted #000;margin-left: 40px;float: none;margin-bottom: 2px\">\r\n\t\t\t      \t<div class=\"media\">\r\n\t\t\t\t\t  <div class=\"media-left info-list-img\" style=\"margin-left: -40px;padding-right: 20px;float: left\">\r\n\t\t\t\t\t    \t\t\t\t        \t\t\t\t        <div style=\"border: 0px solid;border-radius: 50%;background: #fff\">\r\n\t\t\t\t\t        <span style=\"width: 80px;height: 80px;border-radius: 50%;text-align: center\">\r\n\t\t\t\t\t\t    \t<span style=\"vertical-align: middle !important\">\r\n\t\t\t\t\t\t        \r\n\t\t\t\t\t\t        \t<i class=\"fas fa-globe\" aria-hidden=\"true\" style=\"font-size: 30px;color: #1e73be\"><\/i>\r\n\t\t\t\t\t       \t \t\r\n\t\t\t\t\t       \t \t<\/span>\r\n\t\t\t\t\t\t  \t<\/span>\r\n\t\t\t\t\t\t<\/div>\r\n\t\t\t\t\t\t\t\t\t\t\t  <\/div>\r\n\t\t\t\t  \t  <div class=\"media-body\">\r\n\t\t\t\t    \t<h2 style=\"font-size: 18px;color: #000000;font-style: default;line-height:\">\r\n\t\t\t\t    \t\t\u0648\u0632\u0627\u0631\u0629 \u0627\u0644\u062a\u0639\u0644\u064a\u0645 \u0627\u0644\u0639\u0627\u0644\u064a \u0648\u0627\u0644\u0628\u062d\u062b \u0627\u0644\u0639\u0644\u0645\u064a\t\t\t\t    \t<\/h2>\r\n\t\t\t\t    \t\t<p><a href=\"http:\/\/www.mes.tn\/?langue=fr\">\u0627\u0644\u0631\u0626\u064a\u0633\u064a\u0629<\/a><\/p>\n\t\t\t\t  \t\t<\/div>\r\n\t\t\t\t\t<\/div>\r\n\t\t    \t<\/li>\r\n\t\t\t\r\n\t\t\t\t\r\n\t\t<\/div>\r\n\r\n\t\t\t\t<div class=\"vc_info_list_outer\">\r\n\t\t\t\t\t\t    \t\r\n\t\t    \t<li class=\"vc_info_list\" style=\"padding-bottom: 30px;border-left: 0px dotted #000;margin-left: 40px;float: none;margin-bottom: 2px\">\r\n\t\t\t      \t<div class=\"media\">\r\n\t\t\t\t\t  <div class=\"media-left info-list-img\" style=\"margin-left: -40px;padding-right: 20px;float: left\">\r\n\t\t\t\t\t    \t\t\t\t        \t\t\t\t        <div style=\"border: 0px solid;border-radius: 50%;background: #fff\">\r\n\t\t\t\t\t        <span style=\"width: 80px;height: 80px;border-radius: 50%;text-align: center\">\r\n\t\t\t\t\t\t    \t<span style=\"vertical-align: middle !important\">\r\n\t\t\t\t\t\t        \r\n\t\t\t\t\t\t        \t<i class=\"fas fa-globe\" aria-hidden=\"true\" style=\"font-size: 30px;color: #1e73be\"><\/i>\r\n\t\t\t\t\t       \t \t\r\n\t\t\t\t\t       \t \t<\/span>\r\n\t\t\t\t\t\t  \t<\/span>\r\n\t\t\t\t\t\t<\/div>\r\n\t\t\t\t\t\t\t\t\t\t\t  <\/div>\r\n\t\t\t\t  \t  <div class=\"media-body\">\r\n\t\t\t\t    \t<h2 style=\"font-size: 18px;color: #000000;font-style: default;line-height:\">\r\n\t\t\t\t    \t\t\u062c\u0627\u0645\u0639\u0629 \u0645\u0646\u0648\u0628\u0629\t\t\t\t    \t<\/h2>\r\n\t\t\t\t    \t\t<p><a href=\"http:\/\/www.uma.rnu.tn\/index.php?code=5\">\u0627\u0644\u0631\u0626\u064a\u0633\u064a\u0629<\/a><\/p>\n\t\t\t\t  \t\t<\/div>\r\n\t\t\t\t\t<\/div>\r\n\t\t    \t<\/li>\r\n\t\t\t\r\n\t\t\t\t\r\n\t\t<\/div>\r\n\r\n\t\t\t\t<div class=\"vc_info_list_outer\">\r\n\t\t\t\t\t\t    \t\r\n\t\t    \t<li class=\"vc_info_list\" style=\"padding-bottom: 30px;border-left: 0px dotted #000;margin-left: 40px;float: none;margin-bottom: 2px\">\r\n\t\t\t      \t<div class=\"media\">\r\n\t\t\t\t\t  <div class=\"media-left info-list-img\" style=\"margin-left: -40px;padding-right: 20px;float: left\">\r\n\t\t\t\t\t    \t\t\t\t        \t\t\t\t        <div style=\"border: 0px solid;border-radius: 50%;background: #fff\">\r\n\t\t\t\t\t        <span style=\"width: 80px;height: 80px;border-radius: 50%;text-align: center\">\r\n\t\t\t\t\t\t    \t<span style=\"vertical-align: middle !important\">\r\n\t\t\t\t\t\t        \r\n\t\t\t\t\t\t        \t<i class=\"fas fa-globe\" aria-hidden=\"true\" style=\"font-size: 30px;color: #1e73be\"><\/i>\r\n\t\t\t\t\t       \t \t\r\n\t\t\t\t\t       \t \t<\/span>\r\n\t\t\t\t\t\t  \t<\/span>\r\n\t\t\t\t\t\t<\/div>\r\n\t\t\t\t\t\t\t\t\t\t\t  <\/div>\r\n\t\t\t\t  \t  <div class=\"media-body\">\r\n\t\t\t\t    \t<h2 style=\"font-size: 18px;color: #000000;font-style: default;line-height:\">\r\n\t\t\t\t    \t\t\u0627\u0644\u0623\u0631\u0634\u064a\u0641 \u0627\u0644\u0648\u0637\u0646\u064a \u0627\u0644\u062a\u0648\u0646\u0633\u064a\u064a\t\t\t\t    \t<\/h2>\r\n\t\t\t\t    \t\t<p><a href=\"http:\/\/www.archives.nat.tn\/index.php?id=63\">\u0627\u0644\u0631\u0626\u064a\u0633\u064a\u0629<\/a><\/p>\n\t\t\t\t  \t\t<\/div>\r\n\t\t\t\t\t<\/div>\r\n\t\t    \t<\/li>\r\n\t\t\t\r\n\t\t\t\t\r\n\t\t<\/div>\r\n\r\n\t\t\t\t<div class=\"vc_info_list_outer\">\r\n\t\t\t\t\t\t    \t\r\n\t\t    \t<li class=\"vc_info_list\" style=\"padding-bottom: 30px;border-left: 0px dotted #000;margin-left: 40px;float: none;margin-bottom: 2px\">\r\n\t\t\t      \t<div class=\"media\">\r\n\t\t\t\t\t  <div class=\"media-left info-list-img\" style=\"margin-left: -40px;padding-right: 20px;float: left\">\r\n\t\t\t\t\t    \t\t\t\t        \t\t\t\t        <div style=\"border: 0px solid;border-radius: 50%;background: #fff\">\r\n\t\t\t\t\t        <span style=\"width: 80px;height: 80px;border-radius: 50%;text-align: center\">\r\n\t\t\t\t\t\t    \t<span style=\"vertical-align: middle !important\">\r\n\t\t\t\t\t\t        \r\n\t\t\t\t\t\t        \t<i class=\"fas fa-globe\" aria-hidden=\"true\" style=\"font-size: 30px;color: #1e73be\"><\/i>\r\n\t\t\t\t\t       \t \t\r\n\t\t\t\t\t       \t \t<\/span>\r\n\t\t\t\t\t\t  \t<\/span>\r\n\t\t\t\t\t\t<\/div>\r\n\t\t\t\t\t\t\t\t\t\t\t  <\/div>\r\n\t\t\t\t  \t  <div class=\"media-body\">\r\n\t\t\t\t    \t<h2 style=\"font-size: 18px;color: #000000;font-style: default;line-height:\">\r\n\t\t\t\t    \t\t\u062f\u0627\u0631 \u0627\u0644\u0643\u062a\u0628 \u0627\u0644\u0648\u0637\u0646\u064a\u0629\t\t\t\t    \t<\/h2>\r\n\t\t\t\t    \t\t<p><a href=\"https:\/\/www.bnt.nat.tn\/\">\u0627\u0644\u0631\u0626\u064a\u0633\u064a\u0629<\/a><\/p>\n\t\t\t\t  \t\t<\/div>\r\n\t\t\t\t\t<\/div>\r\n\t\t    \t<\/li>\r\n\t\t\t\r\n\t\t\t\t\r\n\t\t<\/div>\r\n\r\n\t\t\t\t<div class=\"vc_info_list_outer\">\r\n\t\t\t\t\t\t    \t\r\n\t\t    \t<li class=\"vc_info_list\" style=\"padding-bottom: 30px;border-left: 0px dotted #000;margin-left: 40px;float: none;margin-bottom: 2px\">\r\n\t\t\t      \t<div class=\"media\">\r\n\t\t\t\t\t  <div class=\"media-left info-list-img\" style=\"margin-left: -40px;padding-right: 20px;float: left\">\r\n\t\t\t\t\t    \t\t\t\t        \t\t\t\t        <div style=\"border: 0px solid;border-radius: 50%;background: #fff\">\r\n\t\t\t\t\t        <span style=\"width: 80px;height: 80px;border-radius: 50%;text-align: center\">\r\n\t\t\t\t\t\t    \t<span style=\"vertical-align: middle !important\">\r\n\t\t\t\t\t\t        \r\n\t\t\t\t\t\t        \t<i class=\"fas fa-globe\" aria-hidden=\"true\" style=\"font-size: 30px;color: #1e73be\"><\/i>\r\n\t\t\t\t\t       \t \t\r\n\t\t\t\t\t       \t \t<\/span>\r\n\t\t\t\t\t\t  \t<\/span>\r\n\t\t\t\t\t\t<\/div>\r\n\t\t\t\t\t\t\t\t\t\t\t  <\/div>\r\n\t\t\t\t  \t  <div class=\"media-body\">\r\n\t\t\t\t    \t<h2 style=\"font-size: 18px;color: #000000;font-style: default;line-height:\">\r\n\t\t\t\t    \t\t\u0627\u0644\u0645\u0637\u0628\u0639\u0629 \u0627\u0644\u0631\u0633\u0645\u064a\u0629 \u0644\u0644\u0628\u0644\u0627\u062f \u0627\u0644\u062a\u0648\u0646\u0633\u064a\u0629\t\t\t\t    \t<\/h2>\r\n\t\t\t\t    \t\t<p><a href=\"http:\/\/www.iort.gov.tn\/WD120AWP\/WD120Awp.exe\/CONNECT\/SITEIORT\">\u0627\u0644\u0631\u0626\u064a\u0633\u064a\u0629<\/a><\/p>\n\t\t\t\t  \t\t<\/div>\r\n\t\t\t\t\t<\/div>\r\n\t\t    \t<\/li>\r\n\t\t\t\r\n\t\t\t\t\r\n\t\t<\/div>\r\n\r\n\t\t\t\t<div class=\"vc_info_list_outer\">\r\n\t\t\t\t\t\t    \t\r\n\t\t    \t<li class=\"vc_info_list\" style=\"padding-bottom: 30px;border-left: 0px dotted #000;margin-left: 40px;float: none;margin-bottom: 2px\">\r\n\t\t\t      \t<div class=\"media\">\r\n\t\t\t\t\t  <div class=\"media-left info-list-img\" style=\"margin-left: -40px;padding-right: 20px;float: left\">\r\n\t\t\t\t\t    \t\t\t\t        \t\t\t\t        <div style=\"border: 0px solid;border-radius: 50%;background: #fff\">\r\n\t\t\t\t\t        <span style=\"width: 80px;height: 80px;border-radius: 50%;text-align: center\">\r\n\t\t\t\t\t\t    \t<span style=\"vertical-align: middle !important\">\r\n\t\t\t\t\t\t        \r\n\t\t\t\t\t\t        \t<i class=\"fas fa-globe\" aria-hidden=\"true\" style=\"font-size: 30px;color: #1e73be\"><\/i>\r\n\t\t\t\t\t       \t \t\r\n\t\t\t\t\t       \t \t<\/span>\r\n\t\t\t\t\t\t  \t<\/span>\r\n\t\t\t\t\t\t<\/div>\r\n\t\t\t\t\t\t\t\t\t\t\t  <\/div>\r\n\t\t\t\t  \t  <div class=\"media-body\">\r\n\t\t\t\t    \t<h2 style=\"font-size: 18px;color: #000000;font-style: default;line-height:\">\r\n\t\t\t\t    \t\t\u0627\u0644\u0645\u0631\u0643\u0632 \u0627\u0644\u0648\u0637\u0646\u064a \u0627\u0644\u062c\u0627\u0645\u0639\u064a \u0644\u0644\u062a\u0648\u062b\u064a\u0642 \u0627\u0644\u0639\u0644\u0645\u064a \u0648\u0627\u0644\u062a\u0642\u0646\u064a\t\t\t\t    \t<\/h2>\r\n\t\t\t\t    \t\t<p><a href=\"http:\/\/www.cnudst.rnrt.tn\/\">\u0627\u0644\u0631\u0626\u064a\u0633\u064a\u0629<\/a><\/p>\n\t\t\t\t  \t\t<\/div>\r\n\t\t\t\t\t<\/div>\r\n\t\t    \t<\/li>\r\n\t\t\t\r\n\t\t\t\t\r\n\t\t<\/div>\r\n\r\n\t\t\t\t<div class=\"vc_info_list_outer\">\r\n\t\t\t\t\t\t    \t\r\n\t\t    \t<li class=\"vc_info_list\" style=\"padding-bottom: 30px;border-left: 0px dotted #000;margin-left: 40px;float: none;margin-bottom: 2px\">\r\n\t\t\t      \t<div class=\"media\">\r\n\t\t\t\t\t  <div class=\"media-left info-list-img\" style=\"margin-left: -40px;padding-right: 20px;float: left\">\r\n\t\t\t\t\t    \t\t\t\t        \t\t\t\t        <div style=\"border: 0px solid;border-radius: 50%;background: #fff\">\r\n\t\t\t\t\t        <span style=\"width: 80px;height: 80px;border-radius: 50%;text-align: center\">\r\n\t\t\t\t\t\t    \t<span style=\"vertical-align: middle !important\">\r\n\t\t\t\t\t\t        \r\n\t\t\t\t\t\t        \t<i class=\"fas fa-globe\" aria-hidden=\"true\" style=\"font-size: 30px;color: #1e73be\"><\/i>\r\n\t\t\t\t\t       \t \t\r\n\t\t\t\t\t       \t \t<\/span>\r\n\t\t\t\t\t\t  \t<\/span>\r\n\t\t\t\t\t\t<\/div>\r\n\t\t\t\t\t\t\t\t\t\t\t  <\/div>\r\n\t\t\t\t  \t  <div class=\"media-body\">\r\n\t\t\t\t    \t<h2 style=\"font-size: 18px;color: #000000;font-style: default;line-height:\">\r\n\t\t\t\t    \t\t\u0627\u0644\u0645\u0646\u0638\u0645\u0629 \u0627\u0644\u0639\u0631\u0628\u064a\u0629 \u0644\u0644\u062a\u0631\u0628\u064a\u0629 \u0648 \u0627\u0644\u062b\u0642\u0627\u0641\u0629 \u0648\u0627\u0644\u0639\u0644\u0648\u0645\t\t\t\t    \t<\/h2>\r\n\t\t\t\t    \t\t<p><a href=\"http:\/\/www.alecso.org\/nsite\/ar\/\">\u0627\u0644\u0631\u0626\u064a\u0633\u064a\u0629<\/a><\/p>\n\t\t\t\t  \t\t<\/div>\r\n\t\t\t\t\t<\/div>\r\n\t\t    \t<\/li>\r\n\t\t\t\r\n\t\t\t\t\r\n\t\t<\/div>\n\t\t<\/ul>\r\n\r\n\t\t<\/div><\/div><\/div><\/div>","protected":false},"excerpt":{"rendered":"Minist\u00e8re de l\u2019Enseignement Sup\u00e9rieur et de la Recherche Scientifique Accueil Univerit\u00e9 de La Manouba Accueil Les Archives Nationales de Tunisie Accueil Biblioth\u00e8que Nationale de Tunisie Accueil Imprimerie Officielle Accueil CNUDST Accueil ALEXO Tunisie Accueil","protected":false},"author":1,"featured_media":0,"parent":0,"menu_order":0,"comment_status":"closed","ping_status":"closed","template":"","meta":{"footnotes":""},"class_list":["post-2256","page","type-page","status-publish","hentry"],"_links":{"self":[{"href":"https:\/\/ishtc.formanet-tn.com\/ar\/wp-json\/wp\/v2\/pages\/2256","targetHints":{"allow":["GET"]}}],"collection":[{"href":"https:\/\/ishtc.formanet-tn.com\/ar\/wp-json\/wp\/v2\/pages"}],"about":[{"href":"https:\/\/ishtc.formanet-tn.com\/ar\/wp-json\/wp\/v2\/types\/page"}],"author":[{"embeddable":true,"href":"https:\/\/ishtc.formanet-tn.com\/ar\/wp-json\/wp\/v2\/users\/1"}],"replies":[{"embeddable":true,"href":"https:\/\/ishtc.formanet-tn.com\/ar\/wp-json\/wp\/v2\/comments?post=2256"}],"version-history":[{"count":21,"href":"https:\/\/ishtc.formanet-tn.com\/ar\/wp-json\/wp\/v2\/pages\/2256\/revisions"}],"predecessor-version":[{"id":2299,"href":"https:\/\/ishtc.formanet-tn.com\/ar\/wp-json\/wp\/v2\/pages\/2256\/revisions\/2299"}],"wp:attachment":[{"href":"https:\/\/ishtc.formanet-tn.com\/ar\/wp-json\/wp\/v2\/media?parent=2256"}],"curies":[{"name":"wp","href":"https:\/\/api.w.org\/{rel}","templated":true}]}}