{"id":2123,"date":"2021-12-17T11:34:35","date_gmt":"2021-12-17T10:34:35","guid":{"rendered":"https:\/\/ishtc.formanet-tn.com\/?page_id=2123"},"modified":"2022-10-20T14:22:52","modified_gmt":"2022-10-20T13:22:52","slug":"conferences","status":"publish","type":"page","link":"https:\/\/ishtc.formanet-tn.com\/ar\/conferences\/","title":{"rendered":"\u0645\u062d\u0627\u0636\u0631\u0627\u062a"},"content":{"rendered":"<div class=\"vc_row wpb_row vc_row-fluid\"><\/div><div class=\"vc_row wpb_row vc_row-fluid\"><div class=\"wpb_column vc_column_container vc_col-sm-12\"><div class=\"vc_column-inner\"><div class=\"wpb_wrapper\"><div class=\"vc_tta-container\" data-vc-action=\"collapse\"><div class=\"vc_general vc_tta vc_tta-tabs vc_tta-color-grey vc_tta-style-classic vc_tta-shape-rounded vc_tta-spacing-1 vc_tta-tabs-position-top vc_tta-controls-align-right\"><div class=\"vc_tta-tabs-container\"><ul class=\"vc_tta-tabs-list\"><li class=\"vc_tta-tab vc_active\" data-vc-tab><a href=\"#1639737262315-b6e92dcd-b121\" data-vc-tabs data-vc-container=\".vc_tta\"><span class=\"vc_tta-title-text\">2023-2022<\/span><\/a><\/li><\/ul><\/div><div class=\"vc_tta-panels-container\"><div class=\"vc_tta-panels\"><div class=\"vc_tta-panel vc_active\" id=\"1639737262315-b6e92dcd-b121\" data-vc-content=\".vc_tta-panel-body\"><div class=\"vc_tta-panel-heading\"><h4 class=\"vc_tta-panel-title\"><a href=\"#1639737262315-b6e92dcd-b121\" data-vc-accordion data-vc-container=\".vc_tta-container\"><span class=\"vc_tta-title-text\">2023-2022<\/span><\/a><\/h4><\/div><div class=\"vc_tta-panel-body\">\r\n<div class=\"vc_grid-container-wrapper vc_clearfix\">\r\n\t<div class=\"vc_grid-container vc_clearfix wpb_content_element vc_basic_grid\" data-initial-loading-animation=\"fadeIn\" data-vc-grid-settings=\"{&quot;page_id&quot;:2123,&quot;style&quot;:&quot;all&quot;,&quot;action&quot;:&quot;vc_get_vc_grid_data&quot;,&quot;shortcode_id&quot;:&quot;1666272103159-4ea1aaf2-3713-4&quot;,&quot;tag&quot;:&quot;vc_basic_grid&quot;}\" data-vc-request=\"https:\/\/ishtc.formanet-tn.com\/wp-admin\/admin-ajax.php\" data-vc-post-id=\"2123\" data-vc-public-nonce=\"49ffb90448\">\r\n\t\t<style data-type=\"vc_shortcodes-custom-css\">.vc_custom_1419240516480{background-color: #f9f9f9 !important;}<\/style><div class=\"vc_grid vc_row vc_grid-gutter-30px vc_pageable-wrapper vc_hook_hover\" data-vc-pageable-content=\"true\"><div class=\"vc_pageable-slide-wrapper vc_clearfix\" data-vc-grid-content=\"true\"><div class=\"vc_grid-item vc_clearfix vc_col-sm-4 vc_grid-item-zone-c-bottom\"><div class=\"vc_grid-item-mini vc_clearfix\"><div class=\"vc_gitem-animated-block\" \"><div class=\"vc_gitem-zone vc_gitem-zone-a vc-gitem-zone-height-mode-auto vc-gitem-zone-height-mode-auto-1-1 vc_gitem-is-link\" style=\"background-image: url('https:\/\/ishtc.formanet-tn.com\/wp-content\/uploads\/2023\/01\/affiche-18-1-2023-2.jpg') !important;\"><a href=\"https:\/\/ishtc.formanet-tn.com\/ar\/%d9%85%d8%ad%d8%a7%d8%b6%d8%b1%d8%a9-%d9%84%d9%84%d8%a3%d8%b3%d8%aa%d8%a7%d8%b0-%d8%ae%d8%a7%d9%84%d8%af-%d8%b9%d8%a8%d9%8a%d8%af-%d8%a7%d9%84%d8%ae%d9%84%d8%a7%d9%81%d8%a7%d8%aa-%d8%af%d8%a7%d8%ae\/\" title=\"\u0645\u062d\u0627\u0636\u0631\u0629 \u0644\u0644\u0623\u0633\u062a\u0627\u0630 \u062e\u0627\u0644\u062f \u0639\u0628\u064a\u062f : \u0627\u0644\u062e\u0644\u0627\u0641\u0627\u062a \u062f\u0627\u062e\u0644 \u0642\u064a\u0627\u062f\u0629 \u062d\u0632\u0628 \u0627\u0644\u062f\u0633\u062a\u0648\u0631 \u0627\u0644\u062c\u062f\u064a\u062f \u0627\u0644\u062a\u0648\u0646\u0633\u064a :1942 -1947\" class=\"vc_gitem-link vc-zone-link\"><\/a><img decoding=\"async\" src=\"https:\/\/ishtc.formanet-tn.com\/wp-content\/uploads\/2023\/01\/affiche-18-1-2023-2.jpg\" class=\"vc_gitem-zone-img\" alt=\"\"><div class=\"vc_gitem-zone-mini\"><\/div><\/div><\/div><div class=\"vc_gitem-zone vc_gitem-zone-c vc_custom_1419240516480\"><div class=\"vc_gitem-zone-mini\"><div class=\"vc_gitem_row vc_row vc_gitem-row-position-top\"><div class=\"vc_col-sm-12 vc_gitem-col vc_gitem-col-align-\"><div class=\"vc_custom_heading vc_gitem-post-data vc_gitem-post-data-source-post_title\" ><h4 style=\"text-align: left\" >\u0645\u062d\u0627\u0636\u0631\u0629 \u0644\u0644\u0623\u0633\u062a\u0627\u0630 \u062e\u0627\u0644\u062f \u0639\u0628\u064a\u062f : \u0627\u0644\u062e\u0644\u0627\u0641\u0627\u062a \u062f\u0627\u062e\u0644 \u0642\u064a\u0627\u062f\u0629 \u062d\u0632\u0628 \u0627\u0644\u062f\u0633\u062a\u0648\u0631 \u0627\u0644\u062c\u062f\u064a\u062f \u0627\u0644\u062a\u0648\u0646\u0633\u064a :1942 -1947<\/h4><\/div><div class=\"vc_custom_heading vc_gitem-post-data vc_gitem-post-data-source-post_excerpt\" ><p style=\"text-align: left\" ><\/p><\/div><div class=\"vc_btn3-container vc_btn3-left\"><a class=\"vc_general vc_btn3 vc_btn3-size-md vc_btn3-shape-rounded vc_btn3-style-flat vc_btn3-color-juicy-pink\" a href=\"https:\/\/ishtc.formanet-tn.com\/ar\/%d9%85%d8%ad%d8%a7%d8%b6%d8%b1%d8%a9-%d9%84%d9%84%d8%a3%d8%b3%d8%aa%d8%a7%d8%b0-%d8%ae%d8%a7%d9%84%d8%af-%d8%b9%d8%a8%d9%8a%d8%af-%d8%a7%d9%84%d8%ae%d9%84%d8%a7%d9%81%d8%a7%d8%aa-%d8%af%d8%a7%d8%ae\/\" title=\"\u0627\u0642\u0631\u0627 \u0627\u0644\u0645\u0632\u064a\u062f\">\u0627\u0642\u0631\u0627 \u0627\u0644\u0645\u0632\u064a\u062f<\/a><\/div><\/div><\/div><\/div><\/div><\/div><div class=\"vc_clearfix\"><\/div><\/div><div class=\"vc_grid-item vc_clearfix vc_col-sm-4 vc_grid-item-zone-c-bottom\"><div class=\"vc_grid-item-mini vc_clearfix\"><div class=\"vc_gitem-animated-block\" \"><div class=\"vc_gitem-zone vc_gitem-zone-a vc-gitem-zone-height-mode-auto vc-gitem-zone-height-mode-auto-1-1 vc_gitem-is-link\" style=\"background-image: url('https:\/\/ishtc.formanet-tn.com\/wp-content\/uploads\/2022\/10\/affiche-25-10-2022_2-1-724x1024.jpg') !important;\"><a href=\"https:\/\/ishtc.formanet-tn.com\/ar\/%d9%85%d8%ad%d8%a7%d8%b6%d8%b1%d8%a9-%d8%a7%d9%81%d8%aa%d8%aa%d8%a7%d8%ad%d9%8a%d8%a9-%d9%84%d9%84%d8%b3%d9%86%d8%a9-%d8%a7%d9%84%d8%ac%d8%a7%d9%85%d8%b9%d9%8a%d8%a9-2022-2023-%d9%8a%d9%84%d9%82\/\" title=\"\u0645\u062d\u0627\u0636\u0631\u0629 \u0627\u0641\u062a\u062a\u0627\u062d\u064a\u0629 : \u00ab\u00a0\u062a\u0648\u0646\u0633 \u0643\u0645\u0627 \u0639\u0634\u062a\u0647\u0627 1940-1970\u00a0\u00bb \u064a\u0644\u0642\u064a\u0647\u0627 \u0627\u0644\u0633\u064a\u062f \u0645\u062d\u0645\u062f \u0627\u0644\u0646\u0627\u0635\u0631 \u0627\u0644\u0631\u0626\u064a\u0633 \u0627\u0644\u0633\u0627\u0628\u0642 \u0644\u0644\u062c\u0645\u0647\u0648\u0631\u064a\u0629 \u0627\u0644\u062a\u0648\u0646\u0633\u064a\u0629 \/ \u062a\u0646\u0633\u064a\u0642 \u0627\u0644\u0623\u0633\u062a\u0627\u0630 \u062e\u0627\u0644\u062f \u0639\u0628\u064a\u062f\" class=\"vc_gitem-link vc-zone-link\"><\/a><img decoding=\"async\" src=\"https:\/\/ishtc.formanet-tn.com\/wp-content\/uploads\/2022\/10\/affiche-25-10-2022_2-1-724x1024.jpg\" class=\"vc_gitem-zone-img\" alt=\"\"><div class=\"vc_gitem-zone-mini\"><\/div><\/div><\/div><div class=\"vc_gitem-zone vc_gitem-zone-c vc_custom_1419240516480\"><div class=\"vc_gitem-zone-mini\"><div class=\"vc_gitem_row vc_row vc_gitem-row-position-top\"><div class=\"vc_col-sm-12 vc_gitem-col vc_gitem-col-align-\"><div class=\"vc_custom_heading vc_gitem-post-data vc_gitem-post-data-source-post_title\" ><h4 style=\"text-align: left\" >\u0645\u062d\u0627\u0636\u0631\u0629 \u0627\u0641\u062a\u062a\u0627\u062d\u064a\u0629 : \u00ab\u00a0\u062a\u0648\u0646\u0633 \u0643\u0645\u0627 \u0639\u0634\u062a\u0647\u0627 1940-1970\u00a0\u00bb \u064a\u0644\u0642\u064a\u0647\u0627 \u0627\u0644\u0633\u064a\u062f \u0645\u062d\u0645\u062f \u0627\u0644\u0646\u0627\u0635\u0631 \u0627\u0644\u0631\u0626\u064a\u0633 \u0627\u0644\u0633\u0627\u0628\u0642 \u0644\u0644\u062c\u0645\u0647\u0648\u0631\u064a\u0629 \u0627\u0644\u062a\u0648\u0646\u0633\u064a\u0629 \/ \u062a\u0646\u0633\u064a\u0642 \u0627\u0644\u0623\u0633\u062a\u0627\u0630 \u062e\u0627\u0644\u062f \u0639\u0628\u064a\u062f<\/h4><\/div><div class=\"vc_custom_heading vc_gitem-post-data vc_gitem-post-data-source-post_excerpt\" ><p style=\"text-align: left\" >\u0645\u062d\u0627\u0636\u0631\u0629 \u0627\u0641\u062a\u062a\u0627\u062d\u064a\u0629 : \"\u062a\u0648\u0646\u0633 \u0643\u0645\u0627 \u0639\u0634\u062a\u0647\u0627 1940-1970\" \u064a\u0644\u0642\u064a\u0647\u0627 \u0627\u0644\u0633\u064a\u062f \u0645\u062d\u0645\u062f \u0627\u0644\u0646\u0627\u0635\u0631 \u0627\u0644\u0631\u0626\u064a\u0633 \u0627\u0644\u0633\u0627\u0628\u0642 \u0644\u0644\u062c\u0645\u0647\u0648\u0631\u064a\u0629 \u0627\u0644\u062a\u0648\u0646\u0633\u064a\u0629 \/ \u062a\u0646\u0633\u064a\u0642 \u0627\u0644\u0623\u0633\u062a\u0627\u0630 \u062e\u0627\u0644\u062f \u0639\u0628\u064a\u062f\/ \u0627\u0644\u062b\u0644\u0627\u062b\u0627\u0621 25 \u0623\u0643\u062a\u0648\u0628\u0631 2022 \u0628\u0642\u0627\u0639\u0629 \u062d\u0645\u0627\u062f\u064a \u0627\u0644\u0633\u0627\u062d\u0644\u064a \u0628\u0627\u0644\u0645\u0639\u0647\u062f - \u0627\u0644\u0645\u0631\u0643\u0628 \u0627\u0644\u062c\u0627\u0645\u0639\u064a \u0628\u0645\u0646\u0648\u0628\u0629.<\/p><\/div><div class=\"vc_btn3-container vc_btn3-left\"><a class=\"vc_general vc_btn3 vc_btn3-size-md vc_btn3-shape-rounded vc_btn3-style-flat vc_btn3-color-juicy-pink\" a href=\"https:\/\/ishtc.formanet-tn.com\/ar\/%d9%85%d8%ad%d8%a7%d8%b6%d8%b1%d8%a9-%d8%a7%d9%81%d8%aa%d8%aa%d8%a7%d8%ad%d9%8a%d8%a9-%d9%84%d9%84%d8%b3%d9%86%d8%a9-%d8%a7%d9%84%d8%ac%d8%a7%d9%85%d8%b9%d9%8a%d8%a9-2022-2023-%d9%8a%d9%84%d9%82\/\" title=\"\u0627\u0642\u0631\u0627 \u0627\u0644\u0645\u0632\u064a\u062f\">\u0627\u0642\u0631\u0627 \u0627\u0644\u0645\u0632\u064a\u062f<\/a><\/div><\/div><\/div><\/div><\/div><\/div><div class=\"vc_clearfix\"><\/div><\/div><\/div><\/div>\r\n\t<\/div>\r\n<\/div><\/div><\/div><\/div><\/div><\/div><\/div><\/div><\/div><\/div><\/div>","protected":false},"excerpt":{"rendered":"2023-20222023-2022 Conf\u00e9rence inaugurale : \u00ab\u00a0La Tunisie telle que je l\u2019ai v\u00e9cue : 1940-1970\u00a0\u00bb donn\u00e9e par son excellence Monsieur Mohamed ENNACEUR, ancien Pr\u00e9sident de la R\u00e9publique Tunisienne. \/ Coordination: Khaled ABID\/\u0645\u062d\u0627\u0636\u0631\u0629 \u0627\u0641\u062a\u062a\u0627\u062d\u064a\u0629 : \"\u062a\u0648\u0646\u0633 \u0643\u0645\u0627 \u0639\u0634\u062a\u0647\u0627 1940-1970\" \u064a\u0644\u0642\u064a\u0647\u0627 \u0627\u0644\u0633\u064a\u062f \u0645\u062d\u0645\u062f \u0627\u0644\u0646\u0627\u0635\u0631 \u0627\u0644\u0631\u0626\u064a\u0633 \u0627\u0644\u0633\u0627\u0628\u0642 \u0644\u0644\u062c\u0645\u0647\u0648\u0631\u064a\u0629 \u0627\u0644\u062a\u0648\u0646\u0633\u064a\u0629 \/ \u062a\u0646\u0633\u064a\u0642 \u0627\u0644\u0623\u0633\u062a\u0627\u0630 \u062e\u0627\u0644\u062f \u0639\u0628\u064a\u062f\/ \u0627\u0644\u062b\u0644\u0627\u062b\u0627\u0621 25 \u0623\u0643\u062a\u0648\u0628\u0631 2022 \u0628\u0642\u0627\u0639\u0629 \u062d\u0645\u0627\u062f\u064a","protected":false},"author":1,"featured_media":0,"parent":0,"menu_order":0,"comment_status":"closed","ping_status":"closed","template":"","meta":{"footnotes":""},"class_list":["post-2123","page","type-page","status-publish","hentry"],"_links":{"self":[{"href":"https:\/\/ishtc.formanet-tn.com\/ar\/wp-json\/wp\/v2\/pages\/2123","targetHints":{"allow":["GET"]}}],"collection":[{"href":"https:\/\/ishtc.formanet-tn.com\/ar\/wp-json\/wp\/v2\/pages"}],"about":[{"href":"https:\/\/ishtc.formanet-tn.com\/ar\/wp-json\/wp\/v2\/types\/page"}],"author":[{"embeddable":true,"href":"https:\/\/ishtc.formanet-tn.com\/ar\/wp-json\/wp\/v2\/users\/1"}],"replies":[{"embeddable":true,"href":"https:\/\/ishtc.formanet-tn.com\/ar\/wp-json\/wp\/v2\/comments?post=2123"}],"version-history":[{"count":6,"href":"https:\/\/ishtc.formanet-tn.com\/ar\/wp-json\/wp\/v2\/pages\/2123\/revisions"}],"predecessor-version":[{"id":2392,"href":"https:\/\/ishtc.formanet-tn.com\/ar\/wp-json\/wp\/v2\/pages\/2123\/revisions\/2392"}],"wp:attachment":[{"href":"https:\/\/ishtc.formanet-tn.com\/ar\/wp-json\/wp\/v2\/media?parent=2123"}],"curies":[{"name":"wp","href":"https:\/\/api.w.org\/{rel}","templated":true}]}}