{"id":2,"date":"2021-08-20T15:06:20","date_gmt":"2021-08-20T13:06:20","guid":{"rendered":"http:\/\/127.0.0.1:8080\/ISHTC\/?page_id=2"},"modified":"2025-03-24T12:08:38","modified_gmt":"2025-03-24T11:08:38","slug":"page-d-exemple","status":"publish","type":"page","link":"https:\/\/ishtc.formanet-tn.com\/ar\/page-d-exemple\/","title":{"rendered":"\u0648\u062d\u062f\u0629 \u0627\u0644\u062f\u0631\u0627\u0633\u0627\u062a \u0648\u0627\u0644\u0628\u062d\u0648\u062b \u0627\u0644\u062a\u0627\u0631\u064a\u062e\u064a\u0629"},"content":{"rendered":"<div class=\"vc_row wpb_row vc_row-fluid\"><\/div><div class=\"vc_row wpb_row vc_row-fluid\"><div class=\"wpb_column vc_column_container vc_col-sm-12\"><div class=\"vc_column-inner\"><div class=\"wpb_wrapper\">\t\t<ul class=\"mega-info-list\" style=\"list-style-type: none; height: 100%;\">\r\n\t\t\t<div class=\"vc_info_list_outer\">\r\n\t\t\t\t\t\t    \t\r\n\t\t    \t<li class=\"vc_info_list\" style=\"padding-bottom: 0px;border-left: 1px dotted #000;margin-left: 40px;float: none;margin-bottom: 2px\">\r\n\t\t\t      \t<div class=\"media\">\r\n\t\t\t\t\t  <div class=\"media-left info-list-img\" style=\"margin-left: -40px;padding-right: 20px;float: left\">\r\n\t\t\t\t\t    \t\t\t\t        \t\t\t\t        <div style=\"border: 0px solid;border-radius: 50%;background: #fff\">\r\n\t\t\t\t\t        <span style=\"width: 80px;height: 80px;border-radius: 50%;text-align: center\">\r\n\t\t\t\t\t\t    \t<span style=\"vertical-align: middle !important\">\r\n\t\t\t\t\t\t        \r\n\t\t\t\t\t\t        \t<i class=\"\" aria-hidden=\"true\" style=\"font-size: 30px;color: #000\"><\/i>\r\n\t\t\t\t\t       \t \t\r\n\t\t\t\t\t       \t \t<\/span>\r\n\t\t\t\t\t\t  \t<\/span>\r\n\t\t\t\t\t\t<\/div>\r\n\t\t\t\t\t\t\t\t\t\t\t  <\/div>\r\n\t\t\t\t  \t  <div class=\"media-body\">\r\n\t\t\t\t    \t<h2 style=\"font-size: 18px;color: #000000;font-style: default;line-height:\">\r\n\t\t\t\t    \t\t\t\t\t\t    \t<\/h2>\r\n\t\t\t\t    \t\t<p>\u062a\u0639\u0645\u0644 \u0627\u0644\u0648\u062d\u062f\u0629 \u0639\u0644\u0649 \u062a\u0634\u062c\u064a\u0639 \u0627\u0644\u0628\u062d\u0648\u062b \u0648\u0627\u0644\u062f\u0651\u0631\u0627\u0633\u0627\u062a \u0627\u0644\u0645\u062a\u0639\u0644\u0651\u0642\u0629 \u0628\u062a\u0627\u0631\u064a\u062e \u0627\u0644\u062d\u0631\u0643\u0629 \u0627\u0644\u0648\u0637\u0646\u064a\u0629 \u0627\u0644\u062a\u0648\u0646\u0633\u064a\u0629 \u0648\u062a\u0627\u0631\u064a\u062e \u062a\u0648\u0646\u0633 \u0627\u0644\u0645\u0639\u0627\u0635\u0631 \u0639\u0645\u0648\u0645\u0627 \u0648\u0630\u0644\u0643 \u0645\u0646 \u062e\u0644\u0627\u0644 \u062a\u0623\u0637\u064a\u0631\u0647\u0627 \u0648\u062a\u0637\u0648\u064a\u0631\u0647\u0627.<\/p>\n\t\t\t\t  \t\t<\/div>\r\n\t\t\t\t\t<\/div>\r\n\t\t    \t<\/li>\r\n\t\t\t\r\n\t\t\t\t\r\n\t\t<\/div>\r\n\r\n\t\t\t\t<div class=\"vc_info_list_outer\">\r\n\t\t\t\t\t\t    \t\r\n\t\t    \t<li class=\"vc_info_list\" style=\"padding-bottom: 0px;border-left: 1px dotted #000;margin-left: 40px;float: none;margin-bottom: 2px\">\r\n\t\t\t      \t<div class=\"media\">\r\n\t\t\t\t\t  <div class=\"media-left info-list-img\" style=\"margin-left: -40px;padding-right: 20px;float: left\">\r\n\t\t\t\t\t    \t\t\t\t        \t\t\t\t        <div style=\"border: 0px solid;border-radius: 50%;background: #fff\">\r\n\t\t\t\t\t        <span style=\"width: 80px;height: 80px;border-radius: 50%;text-align: center\">\r\n\t\t\t\t\t\t    \t<span style=\"vertical-align: middle !important\">\r\n\t\t\t\t\t\t        \r\n\t\t\t\t\t\t        \t<i class=\"\" aria-hidden=\"true\" style=\"font-size: 30px;color: #000\"><\/i>\r\n\t\t\t\t\t       \t \t\r\n\t\t\t\t\t       \t \t<\/span>\r\n\t\t\t\t\t\t  \t<\/span>\r\n\t\t\t\t\t\t<\/div>\r\n\t\t\t\t\t\t\t\t\t\t\t  <\/div>\r\n\t\t\t\t  \t  <div class=\"media-body\">\r\n\t\t\t\t    \t<h2 style=\"font-size: 18px;color: #000000;font-style: default;line-height:\">\r\n\t\t\t\t    \t\t\t\t\t\t    \t<\/h2>\r\n\t\t\t\t    \t\t<p>\u062a\u0634\u0631\u0641 \u0627\u0644\u0648\u062d\u062f\u0629 \u0639\u0644\u0649 :<\/p>\n<ul>\n<li>\u0645\u0646\u0634\u0648\u0631\u0627\u062a \u0645\u062c\u0644\u0629 \u0631\u0648\u0627\u0641\u062f \u0627\u0644\u0645\u0641\u0647\u0631\u0633\u0629 \u0627\u0644\u0645\u062a\u062e\u0635\u0635\u0629 \u0641\u064a \u0627\u0644\u062a\u0627\u0631\u064a\u062e \u0627\u0644\u0645\u0639\u0627\u0635\u0631 \u0645\u0646\u0630 \u0639\u0627\u0645 1995 .<\/li>\n<li>\u062a\u0646\u0638\u064a\u0645 \u0646\u062f\u0648\u0627\u062a \u0639\u0644\u0645\u064a\u0629 \u062f\u0648\u0644\u064a\u0629 \u0628\u0635\u0641\u0629 \u062f\u0648\u0631\u064a\u0629.<\/li>\n<\/ul>\n\t\t\t\t  \t\t<\/div>\r\n\t\t\t\t\t<\/div>\r\n\t\t    \t<\/li>\r\n\t\t\t\r\n\t\t\t\t\r\n\t\t<\/div>\n\t\t<\/ul>\r\n\r\n\t\t<\/div><\/div><\/div><\/div><div class=\"vc_row wpb_row vc_row-fluid\"><\/div>","protected":false},"excerpt":{"rendered":"\u062a\u0639\u0645\u0644 \u0627\u0644\u0648\u062d\u062f\u0629 \u0639\u0644\u0649 \u062a\u0634\u062c\u064a\u0639 \u0627\u0644\u0628\u062d\u0648\u062b \u0648\u0627\u0644\u062f\u0651\u0631\u0627\u0633\u0627\u062a \u0627\u0644\u0645\u062a\u0639\u0644\u0651\u0642\u0629 \u0628\u062a\u0627\u0631\u064a\u062e \u0627\u0644\u062d\u0631\u0643\u0629 \u0627\u0644\u0648\u0637\u0646\u064a\u0629 \u0627\u0644\u062a\u0648\u0646\u0633\u064a\u0629 \u0648\u062a\u0627\u0631\u064a\u062e \u062a\u0648\u0646\u0633 \u0627\u0644\u0645\u0639\u0627\u0635\u0631 \u0639\u0645\u0648\u0645\u0627 \u0648\u0630\u0644\u0643 \u0645\u0646 \u062e\u0644\u0627\u0644 \u062a\u0623\u0637\u064a\u0631\u0647\u0627 \u0648\u062a\u0637\u0648\u064a\u0631\u0647\u0627. L\u2019unit\u00e9 assure : La publication d\u2019une revue index\u00e9e RAWAFID, sp\u00e9cialis\u00e9e en histoire contemporaine, depuis 1995 . L\u2019organisation de mani\u00e8re p\u00e9riodique des colloques internationaux.","protected":false},"author":1,"featured_media":0,"parent":0,"menu_order":0,"comment_status":"closed","ping_status":"open","template":"","meta":{"footnotes":""},"class_list":["post-2","page","type-page","status-publish","hentry"],"_links":{"self":[{"href":"https:\/\/ishtc.formanet-tn.com\/ar\/wp-json\/wp\/v2\/pages\/2","targetHints":{"allow":["GET"]}}],"collection":[{"href":"https:\/\/ishtc.formanet-tn.com\/ar\/wp-json\/wp\/v2\/pages"}],"about":[{"href":"https:\/\/ishtc.formanet-tn.com\/ar\/wp-json\/wp\/v2\/types\/page"}],"author":[{"embeddable":true,"href":"https:\/\/ishtc.formanet-tn.com\/ar\/wp-json\/wp\/v2\/users\/1"}],"replies":[{"embeddable":true,"href":"https:\/\/ishtc.formanet-tn.com\/ar\/wp-json\/wp\/v2\/comments?post=2"}],"version-history":[{"count":21,"href":"https:\/\/ishtc.formanet-tn.com\/ar\/wp-json\/wp\/v2\/pages\/2\/revisions"}],"predecessor-version":[{"id":2705,"href":"https:\/\/ishtc.formanet-tn.com\/ar\/wp-json\/wp\/v2\/pages\/2\/revisions\/2705"}],"wp:attachment":[{"href":"https:\/\/ishtc.formanet-tn.com\/ar\/wp-json\/wp\/v2\/media?parent=2"}],"curies":[{"name":"wp","href":"https:\/\/api.w.org\/{rel}","templated":true}]}}